{"id":97,"date":"2023-10-06T16:44:34","date_gmt":"2023-10-06T19:44:34","guid":{"rendered":"http:\/\/localhost\/vignolaingenieria\/?page_id=97"},"modified":"2023-11-13T14:59:05","modified_gmt":"2023-11-13T17:59:05","slug":"capacitacion","status":"publish","type":"page","link":"https:\/\/vignolaingenieria.cl\/index.php\/capacitacion\/","title":{"rendered":"Capacitaci\u00f3n"},"content":{"rendered":"\n\n\n      \n\t\t\t<div class=\"uagb-icon-wrapper uagb-block-f5622077      \"\n\t\t\tstyle=\"\" >\n\t\t\t\t\t\t\t\t\t<span class=\"uagb-svg-wrapper\" \n\t\t\t\t\t aria-label=\"book-open\"\t\t\t\t\ttabindex=\"0\">\t\t\n\t\t\t\t\t\t\t\t\t\t<svg xmlns=\"https:\/\/www.w3.org\/2000\/svg\" viewBox= \"0 0 576 512\" role=\"graphics-symbol\" aria-hidden=\"false\" aria-label=\"\"><path d=\"M144.3 32.04C106.9 31.29 63.7 41.44 18.6 61.29c-11.42 5.026-18.6 16.67-18.6 29.15l0 357.6c0 11.55 11.99 19.55 22.45 14.65c126.3-59.14 219.8 11 223.8 14.01C249.1 478.9 252.5 480 256 480c12.4 0 16-11.38 16-15.98V80.04c0-5.203-2.531-10.08-6.781-13.08C263.3 65.58 216.7 33.35 144.3 32.04zM557.4 61.29c-45.11-19.79-88.48-29.61-125.7-29.26c-72.44 1.312-118.1 33.55-120.9 34.92C306.5 69.96 304 74.83 304 80.04v383.1C304 468.4 307.5 480 320 480c3.484 0 6.938-1.125 9.781-3.328c3.925-3.018 97.44-73.16 223.8-14c10.46 4.896 22.45-3.105 22.45-14.65l.0001-357.6C575.1 77.97 568.8 66.31 557.4 61.29z\"><\/path><\/svg>\n\t\t\t\t\t\t\t\t\t<\/span>\n\t\t\t\t\t\t\t<\/div>\n\t\t\t\n\n\n\n\n\n<h2 class=\"wp-block-heading has-text-align-center\">Cursos \u00c1rea METROLOGIA &#8211; (cursos cerrados) Sin C\u00f3digo Sence<\/h2>\n\n\n\n<figure class=\"wp-block-table aligncenter is-style-stripes\" style=\"font-size:13px\"><table><tbody><tr><th>Curso<\/th><th>Horas<\/th><th>Jornadas<\/th><\/tr><tr><td>-Metrolog\u00eda B\u00e1sica<\/td><td>16 Horas<\/td><td>02 de 08 Horas<\/td><\/tr><tr><td>-Calculo de incertidumbre<\/td><td>16 Horas<\/td><td>02 de 08 Horas<\/td><\/tr><tr><td>-Metrolog\u00eda B\u00e1sica \u2013 Magnitud Presi\u00f3n<\/td><td>16 Horas<\/td><td>02 de 08 Horas<\/td><\/tr><tr><td>-Metrolog\u00eda B\u00e1sica \u2013 Magnitud Temperatura<\/td><td>16 Horas<\/td><td>02 de 08 Horas<\/td><\/tr><tr><td>-Metrolog\u00eda B\u00e1sica \u2013 Magnitud Masa (Calibraci\u00f3n de Balanzas)<\/td><td>16 Horas<\/td><td>02 de 08 Horas<\/td><\/tr><tr><td>-Metrolog\u00eda B\u00e1sica \u2013 Magnitud Longitud (Uso de pie de metro y micr\u00f3metro)<\/td><td>16 Horas<\/td><td>02 de 08 Horas<\/td><\/tr><tr><td>-Implementaci\u00f3n de laboratorios de ensayos y calibraci\u00f3n seg\u00fan requerimiento de la NCh-ISO 17025:2005<\/td><td>24 Horas<\/td><td>03 de 08 Horas<\/td><\/tr><tr><td>-Evaluaci\u00f3n de incertidumbre en laboratorios de metrolog\u00eda<\/td><td>16 Horas<\/td><td>02 de 08 Horas<\/td><\/tr><tr><td>-Metrolog\u00eda industrial para ISO 9000 seg\u00fan requerimiento de la NCh-ISO 17025:2005<\/td><td>16 Horas<\/td><td>02 de 08 Horas<\/td><\/tr><\/tbody><\/table><\/figure>\n\n\n\n<h2 class=\"wp-block-heading\">Cursos incluyen:<\/h2>\n\n\n\n<p>Relator : Relator (especialista por Magnitud seg\u00fan corresponda)<br>Materiales : Apuntes y presentaciones.<br>Pruebas Pr\u00e1cticas : Equipos e instrumentos para pruebas pr\u00e1cticas.<br>Certificado : Certificado de aprobaci\u00f3n emitido por Vignola Ingenier\u00eda.<br>Alimentaci\u00f3n : A convenir con el cliente<br>Lugar de realizaci\u00f3n : A convenir con el cliente<\/p>\n\n\n\n\n\n      \n\t\t\t<div class=\"uagb-icon-wrapper uagb-block-98f1b31b      \"\n\t\t\tstyle=\"\" >\n\t\t\t\t\t\t\t\t\t<span class=\"uagb-svg-wrapper\" \n\t\t\t\t\t aria-label=\"book\"\t\t\t\t\ttabindex=\"0\">\t\t\n\t\t\t\t\t\t\t\t\t\t<svg xmlns=\"https:\/\/www.w3.org\/2000\/svg\" viewBox= \"0 0 448 512\" role=\"graphics-symbol\" aria-hidden=\"false\" aria-label=\"\"><path d=\"M448 336v-288C448 21.49 426.5 0 400 0H96C42.98 0 0 42.98 0 96v320c0 53.02 42.98 96 96 96h320c17.67 0 32-14.33 32-31.1c0-11.72-6.607-21.52-16-27.1v-81.36C441.8 362.8 448 350.2 448 336zM143.1 128h192C344.8 128 352 135.2 352 144C352 152.8 344.8 160 336 160H143.1C135.2 160 128 152.8 128 144C128 135.2 135.2 128 143.1 128zM143.1 192h192C344.8 192 352 199.2 352 208C352 216.8 344.8 224 336 224H143.1C135.2 224 128 216.8 128 208C128 199.2 135.2 192 143.1 192zM384 448H96c-17.67 0-32-14.33-32-32c0-17.67 14.33-32 32-32h288V448z\"><\/path><\/svg>\n\t\t\t\t\t\t\t\t\t<\/span>\n\t\t\t\t\t\t\t<\/div>\n\t\t\t\n\n\n\n\n\n<h2 class=\"wp-block-heading has-text-align-center\">Cursos \u00c1rea ENSAYOS NO DESTRUCTIVOS &#8211; (cursos cerrados) Sin C\u00f3digo Sence<\/h2>\n\n\n\n<figure class=\"wp-block-table aligncenter is-style-stripes has-small-font-size\"><table><tbody><tr><th class=\"has-text-align-center\" data-align=\"center\">Curso<\/th><th>Horas<\/th><th>Jornadas<\/th><\/tr><tr><td class=\"has-text-align-center\" data-align=\"center\">-L\u00edquidos Penetrantes, Part\u00edculas Magn\u00e9ticas &#8211; Nivel I<\/td><td>24 Horas<\/td><td>03 de 08 Horas<\/td><\/tr><tr><td class=\"has-text-align-center\" data-align=\"center\">-L\u00edquidos Penetrantes, Part\u00edculas Magn\u00e9ticas &#8211; Nivel II<\/td><td>24 Horas<\/td><td>03 de 08 Horas<\/td><\/tr><tr><td class=\"has-text-align-center\" data-align=\"center\">-Ultrasonidos &#8211; Nivel I<\/td><td>40 Horas<\/td><td>05 de 08 Horas<\/td><\/tr><tr><td class=\"has-text-align-center\" data-align=\"center\">-Ultrasonidos &#8211; Nivel II<\/td><td>40 Horas<\/td><td>05 de 08 Horas<\/td><\/tr><tr><td class=\"has-text-align-center\" data-align=\"center\">-Inspecci\u00f3n Visual \u2013 Nivel I o II<\/td><td>08 Horas<\/td><td>01 de 08 Horas<\/td><\/tr><tr><td class=\"has-text-align-center\" data-align=\"center\">-Interpretaci\u00f3n de normas de inspecci\u00f3n (ASME, ASTM, AWS, etc.)<\/td><td>16 Horas<\/td><td>02 de 08 Horas<\/td><\/tr><\/tbody><\/table><\/figure>\n\n\n\n<h2 class=\"wp-block-heading\">Cursos incluyen:<\/h2>\n\n\n\n<p>Relator : Relator Nivel III seg\u00fan Recomendaciones Pr\u00e1cticas SNT-TC-1A Ed. 2016<br>Materiales : Apuntes y presentaciones.<br>Pruebas Pr\u00e1cticas : Equipos e instrumentos para pruebas pr\u00e1cticas.<br>Certificado : Certificado de aprobaci\u00f3n seg\u00fan SNT \u2013TC- 1A.<br>Alimentaci\u00f3n : A convenir con el cliente<br>Lugar de realizaci\u00f3n : A convenir con el cliente<\/p>\n\n\n\n\n\n\n","protected":false},"excerpt":{"rendered":"<p>Cursos \u00c1rea METROLOGIA &#8211; (cursos cerrados) Sin C\u00f3digo Sence Curso Horas Jornadas -Metrolog\u00eda B\u00e1sica 16 Horas 02 de 08 Horas [&hellip;]<\/p>\n","protected":false},"author":1,"featured_media":0,"parent":0,"menu_order":0,"comment_status":"closed","ping_status":"closed","template":"","meta":{"_uag_custom_page_level_css":"","site-sidebar-layout":"default","site-content-layout":"","ast-site-content-layout":"default","site-content-style":"default","site-sidebar-style":"default","ast-global-header-display":"","ast-banner-title-visibility":"","ast-main-header-display":"","ast-hfb-above-header-display":"","ast-hfb-below-header-display":"","ast-hfb-mobile-header-display":"","site-post-title":"","ast-breadcrumbs-content":"","ast-featured-img":"","footer-sml-layout":"","theme-transparent-header-meta":"","adv-header-id-meta":"","stick-header-meta":"","header-above-stick-meta":"","header-main-stick-meta":"","header-below-stick-meta":"","astra-migrate-meta-layouts":"default","ast-page-background-enabled":"default","ast-page-background-meta":{"desktop":{"background-color":"var(--ast-global-color-5)","background-image":"","background-repeat":"repeat","background-position":"center center","background-size":"auto","background-attachment":"scroll","background-type":"","background-media":"","overlay-type":"","overlay-color":"","overlay-opacity":"","overlay-gradient":""},"tablet":{"background-color":"","background-image":"","background-repeat":"repeat","background-position":"center center","background-size":"auto","background-attachment":"scroll","background-type":"","background-media":"","overlay-type":"","overlay-color":"","overlay-opacity":"","overlay-gradient":""},"mobile":{"background-color":"","background-image":"","background-repeat":"repeat","background-position":"center center","background-size":"auto","background-attachment":"scroll","background-type":"","background-media":"","overlay-type":"","overlay-color":"","overlay-opacity":"","overlay-gradient":""}},"ast-content-background-meta":{"desktop":{"background-color":"var(--ast-global-color-4)","background-image":"","background-repeat":"repeat","background-position":"center center","background-size":"auto","background-attachment":"scroll","background-type":"","background-media":"","overlay-type":"","overlay-color":"","overlay-opacity":"","overlay-gradient":""},"tablet":{"background-color":"var(--ast-global-color-4)","background-image":"","background-repeat":"repeat","background-position":"center center","background-size":"auto","background-attachment":"scroll","background-type":"","background-media":"","overlay-type":"","overlay-color":"","overlay-opacity":"","overlay-gradient":""},"mobile":{"background-color":"var(--ast-global-color-4)","background-image":"","background-repeat":"repeat","background-position":"center center","background-size":"auto","background-attachment":"scroll","background-type":"","background-media":"","overlay-type":"","overlay-color":"","overlay-opacity":"","overlay-gradient":""}},"footnotes":""},"class_list":["post-97","page","type-page","status-publish","hentry"],"uagb_featured_image_src":{"full":false,"thumbnail":false,"medium":false,"medium_large":false,"large":false,"1536x1536":false,"2048x2048":false},"uagb_author_info":{"display_name":"Rodrigo","author_link":"https:\/\/vignolaingenieria.cl\/index.php\/author\/rodrigo\/"},"uagb_comment_info":0,"uagb_excerpt":"Cursos \u00c1rea METROLOGIA &#8211; (cursos cerrados) Sin C\u00f3digo Sence Curso Horas Jornadas -Metrolog\u00eda B\u00e1sica 16 Horas 02 de 08 Horas [&hellip;]","_links":{"self":[{"href":"https:\/\/vignolaingenieria.cl\/index.php\/wp-json\/wp\/v2\/pages\/97","targetHints":{"allow":["GET"]}}],"collection":[{"href":"https:\/\/vignolaingenieria.cl\/index.php\/wp-json\/wp\/v2\/pages"}],"about":[{"href":"https:\/\/vignolaingenieria.cl\/index.php\/wp-json\/wp\/v2\/types\/page"}],"author":[{"embeddable":true,"href":"https:\/\/vignolaingenieria.cl\/index.php\/wp-json\/wp\/v2\/users\/1"}],"replies":[{"embeddable":true,"href":"https:\/\/vignolaingenieria.cl\/index.php\/wp-json\/wp\/v2\/comments?post=97"}],"version-history":[{"count":8,"href":"https:\/\/vignolaingenieria.cl\/index.php\/wp-json\/wp\/v2\/pages\/97\/revisions"}],"predecessor-version":[{"id":697,"href":"https:\/\/vignolaingenieria.cl\/index.php\/wp-json\/wp\/v2\/pages\/97\/revisions\/697"}],"wp:attachment":[{"href":"https:\/\/vignolaingenieria.cl\/index.php\/wp-json\/wp\/v2\/media?parent=97"}],"curies":[{"name":"wp","href":"https:\/\/api.w.org\/{rel}","templated":true}]}}