{"id":60,"date":"2023-10-06T11:56:23","date_gmt":"2023-10-06T14:56:23","guid":{"rendered":"http:\/\/localhost\/vignolaingenieria\/?page_id=60"},"modified":"2025-10-08T17:55:52","modified_gmt":"2025-10-08T20:55:52","slug":"historia","status":"publish","type":"page","link":"https:\/\/vignolaingenieria.cl\/index.php\/historia\/","title":{"rendered":"Historia"},"content":{"rendered":"\n<div class=\"wp-block-uagb-container uagb-block-zud4iaqi alignfull uagb-is-root-container\"><div class=\"uagb-container-inner-blocks-wrap\">\n<div class=\"wp-block-uagb-info-box uagb-block-dlwngjuh uagb-infobox__content-wrap  uagb-infobox-icon-above-title uagb-infobox-image-valign-top\"><div class=\"uagb-ifb-content\"><div class=\"uagb-ifb-title-wrap\"><h1 class=\"uagb-ifb-title\">Historia<\/h1><\/div><\/div><\/div>\n\n\n\n<div class=\"wp-block-uagb-info-box uagb-block-4kqb6zex uagb-infobox__content-wrap  uagb-infobox-icon-above-title uagb-infobox-image-valign-top\"><div class=\"uagb-ifb-content\"><div class=\"uagb-ifb-title-wrap\"><\/div><\/div><\/div>\n<\/div><\/div>\n\n\n\n<div class=\"wp-block-uagb-container uagb-block-45d6c75c alignfull uagb-is-root-container\"><div class=\"uagb-container-inner-blocks-wrap\">\n<div class=\"wp-block-uagb-container uagb-block-b9ac8ab5\">\n<p>En el a\u00f1o 2009 se constituye legalmente <strong>VIGNOLA INGENIER\u00cdA INDUSTRIAL LTDA<\/strong>. que nace como parte del <strong>GRUPO VIGNOLA,<\/strong> cuyos inicios se remontan al a\u00f1o 1946.<br>Un par de a\u00f1os antes del nacimiento de la Importadora t\u00e9cnica <strong>VIGNOLA S.A.I.C<\/strong>., su fundador, el se\u00f1or Mario Vignola Riesle, se embarc\u00f3 en una aventura a Estados Unidos para aprender lo necesario sobre el rubro industrial. En la ciudad de Chicago, asisti\u00f3 a un Showroom, donde descubri\u00f3 nuevas formas de ejecutar servicios sobre hidr\u00e1ulica, electricidad e instrumentaci\u00f3n, que en aquella \u00e9poca todav\u00eda no se aplicaban en Chile. Es as\u00ed como le gust\u00f3 el concepto de encontrar todos los insumos de Ingenier\u00eda en un solo lugar y decidi\u00f3 aplicar esta idea en el pa\u00eds, instal\u00e1ndose con su propia empresa.<\/p>\n\n\n\n<p>Desde aquel entonces, Vignola inici\u00f3 un camino lleno de hitos, los cuales presentamos a continuaci\u00f3n.<\/p>\n\n\n\n<p><strong>1946<\/strong>: Don Mario Vignola, funda<strong> Vignola S.A.I.C.<\/strong> en Valpara\u00edso.<br><strong>1988:<\/strong> Se expanden los servicios, inaugurando la Sucursal de Santiago, el 3 de octubre.<br><strong>1992:<\/strong> Vignola sigue creciendo e inaugura su oficina de Concepci\u00f3n y crea un peque\u00f1o taller que con el tiempo se convirti\u00f3 en una prestigiosa Maestranza, con el concepto de integrar fabricaciones.<br><strong>2004:<\/strong> Se inaugura sucursal de Puerto Montt.<br><strong>2009:<\/strong> Es creada <strong>VIGNOLA INGENIER\u00cdA<\/strong>, destinada a apoyar a las \u00e1reas de mantenci\u00f3n y servicios a una amplia variedad de rubros dentro de la industria nacional.<\/p>\n<\/div>\n\n\n\n<div class=\"wp-block-uagb-container uagb-block-c0be9748\">\n<div class=\"wp-block-uagb-image uagb-block-4778918a wp-block-uagb-image--layout-default wp-block-uagb-image--effect-static wp-block-uagb-image--align-none\"><figure class=\"wp-block-uagb-image__figure\"><img decoding=\"async\" srcset=\"https:\/\/vignolaingenieria.cl\/wp-content\/uploads\/2025\/10\/portada-1-1024x768.jpg ,https:\/\/vignolaingenieria.cl\/wp-content\/uploads\/2025\/10\/portada-1.jpg 780w, https:\/\/vignolaingenieria.cl\/wp-content\/uploads\/2025\/10\/portada-1.jpg 360w\" sizes=\"auto, (max-width: 480px) 150px\" src=\"https:\/\/vignolaingenieria.cl\/wp-content\/uploads\/2025\/10\/portada-1-1024x768.jpg\" alt=\"\" class=\"uag-image-798\" width=\"2362\" height=\"1772\" title=\"portada\" loading=\"lazy\" role=\"img\"\/><\/figure><\/div>\n<\/div>\n<\/div><\/div>\n\n\n\n<figure class=\"wp-block-image alignfull size-large\"><img loading=\"lazy\" decoding=\"async\" width=\"1024\" height=\"640\" src=\"https:\/\/vignolaingenieria.cl\/wp-content\/uploads\/2023\/10\/historia-1-1024x640.jpg\" alt=\"\" class=\"wp-image-247\" srcset=\"https:\/\/vignolaingenieria.cl\/wp-content\/uploads\/2023\/10\/historia-1-1024x640.jpg 1024w, https:\/\/vignolaingenieria.cl\/wp-content\/uploads\/2023\/10\/historia-1-300x188.jpg 300w, https:\/\/vignolaingenieria.cl\/wp-content\/uploads\/2023\/10\/historia-1-768x480.jpg 768w, https:\/\/vignolaingenieria.cl\/wp-content\/uploads\/2023\/10\/historia-1.jpg 1440w\" sizes=\"auto, (max-width: 1024px) 100vw, 1024px\" \/><\/figure>\n","protected":false},"excerpt":{"rendered":"<p>En el a\u00f1o 2009 se constituye legalmente VIGNOLA INGENIER\u00cdA INDUSTRIAL LTDA. que nace como parte del GRUPO VIGNOLA, cuyos inicios [&hellip;]<\/p>\n","protected":false},"author":1,"featured_media":0,"parent":0,"menu_order":0,"comment_status":"closed","ping_status":"closed","template":"","meta":{"_uag_custom_page_level_css":"","site-sidebar-layout":"default","site-content-layout":"","ast-site-content-layout":"default","site-content-style":"default","site-sidebar-style":"default","ast-global-header-display":"","ast-banner-title-visibility":"","ast-main-header-display":"","ast-hfb-above-header-display":"","ast-hfb-below-header-display":"","ast-hfb-mobile-header-display":"","site-post-title":"disabled","ast-breadcrumbs-content":"","ast-featured-img":"","footer-sml-layout":"","theme-transparent-header-meta":"","adv-header-id-meta":"","stick-header-meta":"","header-above-stick-meta":"","header-main-stick-meta":"","header-below-stick-meta":"","astra-migrate-meta-layouts":"default","ast-page-background-enabled":"default","ast-page-background-meta":{"desktop":{"background-color":"var(--ast-global-color-5)","background-image":"","background-repeat":"repeat","background-position":"center center","background-size":"auto","background-attachment":"scroll","background-type":"","background-media":"","overlay-type":"","overlay-color":"","overlay-opacity":"","overlay-gradient":""},"tablet":{"background-color":"","background-image":"","background-repeat":"repeat","background-position":"center center","background-size":"auto","background-attachment":"scroll","background-type":"","background-media":"","overlay-type":"","overlay-color":"","overlay-opacity":"","overlay-gradient":""},"mobile":{"background-color":"","background-image":"","background-repeat":"repeat","background-position":"center center","background-size":"auto","background-attachment":"scroll","background-type":"","background-media":"","overlay-type":"","overlay-color":"","overlay-opacity":"","overlay-gradient":""}},"ast-content-background-meta":{"desktop":{"background-color":"var(--ast-global-color-4)","background-image":"","background-repeat":"repeat","background-position":"center center","background-size":"auto","background-attachment":"scroll","background-type":"","background-media":"","overlay-type":"","overlay-color":"","overlay-opacity":"","overlay-gradient":""},"tablet":{"background-color":"var(--ast-global-color-4)","background-image":"","background-repeat":"repeat","background-position":"center center","background-size":"auto","background-attachment":"scroll","background-type":"","background-media":"","overlay-type":"","overlay-color":"","overlay-opacity":"","overlay-gradient":""},"mobile":{"background-color":"var(--ast-global-color-4)","background-image":"","background-repeat":"repeat","background-position":"center center","background-size":"auto","background-attachment":"scroll","background-type":"","background-media":"","overlay-type":"","overlay-color":"","overlay-opacity":"","overlay-gradient":""}},"footnotes":""},"class_list":["post-60","page","type-page","status-publish","hentry"],"uagb_featured_image_src":{"full":false,"thumbnail":false,"medium":false,"medium_large":false,"large":false,"1536x1536":false,"2048x2048":false},"uagb_author_info":{"display_name":"Rodrigo","author_link":"https:\/\/vignolaingenieria.cl\/index.php\/author\/rodrigo\/"},"uagb_comment_info":0,"uagb_excerpt":"En el a\u00f1o 2009 se constituye legalmente VIGNOLA INGENIER\u00cdA INDUSTRIAL LTDA. que nace como parte del GRUPO VIGNOLA, cuyos inicios [&hellip;]","_links":{"self":[{"href":"https:\/\/vignolaingenieria.cl\/index.php\/wp-json\/wp\/v2\/pages\/60","targetHints":{"allow":["GET"]}}],"collection":[{"href":"https:\/\/vignolaingenieria.cl\/index.php\/wp-json\/wp\/v2\/pages"}],"about":[{"href":"https:\/\/vignolaingenieria.cl\/index.php\/wp-json\/wp\/v2\/types\/page"}],"author":[{"embeddable":true,"href":"https:\/\/vignolaingenieria.cl\/index.php\/wp-json\/wp\/v2\/users\/1"}],"replies":[{"embeddable":true,"href":"https:\/\/vignolaingenieria.cl\/index.php\/wp-json\/wp\/v2\/comments?post=60"}],"version-history":[{"count":9,"href":"https:\/\/vignolaingenieria.cl\/index.php\/wp-json\/wp\/v2\/pages\/60\/revisions"}],"predecessor-version":[{"id":820,"href":"https:\/\/vignolaingenieria.cl\/index.php\/wp-json\/wp\/v2\/pages\/60\/revisions\/820"}],"wp:attachment":[{"href":"https:\/\/vignolaingenieria.cl\/index.php\/wp-json\/wp\/v2\/media?parent=60"}],"curies":[{"name":"wp","href":"https:\/\/api.w.org\/{rel}","templated":true}]}}