{"id":577,"date":"2023-10-16T15:53:00","date_gmt":"2023-10-16T18:53:00","guid":{"rendered":"https:\/\/vignolaingenieria.cl\/?page_id=577"},"modified":"2023-10-16T15:53:34","modified_gmt":"2023-10-16T18:53:34","slug":"servicios-de-calibracion-de-humedad-ambiental","status":"publish","type":"page","link":"https:\/\/vignolaingenieria.cl\/index.php\/metrologia\/servicios-de-calibracion-de-humedad-ambiental\/","title":{"rendered":"Servicios de calibraci\u00f3n de humedad ambiental."},"content":{"rendered":"\n<div class=\"wp-block-uagb-container uagb-block-155b1fa8 alignfull uagb-is-root-container\"><div class=\"uagb-container-inner-blocks-wrap\"><\/div><\/div>\n\n\n\n<div style=\"height:100px\" aria-hidden=\"true\" class=\"wp-block-spacer\"><\/div>\n\n\n\n<h2 class=\"wp-block-heading\">Calibraci\u00f3n de termohigr\u00f3metros ambientales en el rango de 30 \u00a0a 70%HR \/ 10 a 40\u00b0C<\/h2>\n\n\n\n<div class=\"wp-block-uagb-container uagb-block-ef5d8f50 alignfull uagb-is-root-container\"><div class=\"uagb-container-inner-blocks-wrap\">\n<div class=\"wp-block-uagb-container uagb-block-af516366\">\n<p>VIGNOLA INGENIERIA ha implementado un laboratorio con las mejores capacidades para la calibraci\u00f3n de humedad y temperatura ambiental. Nuestros servicios de calibraci\u00f3n cuentan con la acreditaci\u00f3n NCh ISO\/IEC 17025:2017 con trazabilidad a VAISALA USA. Mayoritariamente los instrumentos que calibramos son usados para los registros de humedades y temperatura en laboratorios farmac\u00e9uticos, industria del papel y alimentos.<\/p>\n<\/div>\n\n\n\n<div class=\"wp-block-uagb-container uagb-block-d1391b84\">\n<figure class=\"wp-block-image aligncenter size-large is-resized\"><img loading=\"lazy\" decoding=\"async\" width=\"576\" height=\"1024\" src=\"https:\/\/vignolaingenieria.cl\/wp-content\/uploads\/2023\/10\/Imagen-de-WhatsApp-2023-08-18-a-las-11.30.13-576x1024.jpg\" alt=\"\" class=\"wp-image-599\" style=\"aspect-ratio:0.5625;width:329px;height:auto\" srcset=\"https:\/\/vignolaingenieria.cl\/wp-content\/uploads\/2023\/10\/Imagen-de-WhatsApp-2023-08-18-a-las-11.30.13-576x1024.jpg 576w, https:\/\/vignolaingenieria.cl\/wp-content\/uploads\/2023\/10\/Imagen-de-WhatsApp-2023-08-18-a-las-11.30.13-169x300.jpg 169w, https:\/\/vignolaingenieria.cl\/wp-content\/uploads\/2023\/10\/Imagen-de-WhatsApp-2023-08-18-a-las-11.30.13-768x1365.jpg 768w, https:\/\/vignolaingenieria.cl\/wp-content\/uploads\/2023\/10\/Imagen-de-WhatsApp-2023-08-18-a-las-11.30.13-864x1536.jpg 864w, https:\/\/vignolaingenieria.cl\/wp-content\/uploads\/2023\/10\/Imagen-de-WhatsApp-2023-08-18-a-las-11.30.13.jpg 900w\" sizes=\"auto, (max-width: 576px) 100vw, 576px\" \/><\/figure>\n<\/div>\n<\/div><\/div>\n\n\n\n<div class=\"wp-block-uagb-container uagb-block-c7a08111 alignfull uagb-is-root-container\"><div class=\"uagb-container-inner-blocks-wrap\">\n<div class=\"wp-block-uagb-container uagb-block-f209a0c7\">\n<div class=\"wp-block-uagb-container uagb-block-7e2c48fb\">\n<h2 class=\"wp-block-heading\">Nuestras capacidades nos permiten abarcar lo siguiente:<\/h2>\n\n\n\n<ul class=\"wp-block-list\">\n<li>Rango de calibraci\u00f3n de instrumentos de 30 a 70%HR \/ 10 a 40\u00b0C<\/li>\n\n\n\n<li>M\u00e9todo de calibraci\u00f3n: Por comparaci\u00f3n directa con el patr\u00f3n de trabajo.<\/li>\n\n\n\n<li>Trazabilidad Metrol\u00f3gica: VAISALA USA<\/li>\n\n\n\n<li>Mejor capacidad de \u00b1 1 %HR \/ 0,5\u00b0C<\/li>\n\n\n\n<li>Servicios tanto laboratorio y en planta.<\/li>\n<\/ul>\n<\/div>\n\n\n\n<div class=\"wp-block-uagb-container uagb-block-5a86563f\">\n<h2 class=\"wp-block-heading\">Instrumentos a calibrar.<\/h2>\n\n\n\n<ul class=\"wp-block-list\">\n<li>Indicadores an\u00e1logos y digitales de&nbsp; condiciones ambientales de temperatura y humedad.<\/li>\n\n\n\n<li>Registradores de gr\u00e1ficos<\/li>\n\n\n\n<li>Termohigr\u00f3metros,<\/li>\n\n\n\n<li>Transmisores de humedad\/temperatura,<\/li>\n\n\n\n<li>Medidores de punto de roc\u00edo.<\/li>\n<\/ul>\n<\/div>\n<\/div>\n<\/div><\/div>\n\n\n\n<h2 class=\"wp-block-heading\">Alcance del servicio Acreditados.<\/h2>\n\n\n\n<figure class=\"wp-block-image size-large\"><img loading=\"lazy\" decoding=\"async\" width=\"1024\" height=\"186\" src=\"https:\/\/vignolaingenieria.cl\/wp-content\/uploads\/2023\/10\/tabla-6-1024x186.jpg\" alt=\"\" class=\"wp-image-598\" srcset=\"https:\/\/vignolaingenieria.cl\/wp-content\/uploads\/2023\/10\/tabla-6-1024x186.jpg 1024w, https:\/\/vignolaingenieria.cl\/wp-content\/uploads\/2023\/10\/tabla-6-300x55.jpg 300w, https:\/\/vignolaingenieria.cl\/wp-content\/uploads\/2023\/10\/tabla-6-768x140.jpg 768w, https:\/\/vignolaingenieria.cl\/wp-content\/uploads\/2023\/10\/tabla-6-1536x279.jpg 1536w, https:\/\/vignolaingenieria.cl\/wp-content\/uploads\/2023\/10\/tabla-6.jpg 1920w\" sizes=\"auto, (max-width: 1024px) 100vw, 1024px\" \/><\/figure>\n","protected":false},"excerpt":{"rendered":"<p>Calibraci\u00f3n de termohigr\u00f3metros ambientales en el rango de 30 \u00a0a 70%HR \/ 10 a 40\u00b0C VIGNOLA INGENIERIA ha implementado un [&hellip;]<\/p>\n","protected":false},"author":1,"featured_media":0,"parent":397,"menu_order":0,"comment_status":"closed","ping_status":"closed","template":"","meta":{"_uag_custom_page_level_css":"","site-sidebar-layout":"default","site-content-layout":"","ast-site-content-layout":"default","site-content-style":"default","site-sidebar-style":"default","ast-global-header-display":"","ast-banner-title-visibility":"","ast-main-header-display":"","ast-hfb-above-header-display":"","ast-hfb-below-header-display":"","ast-hfb-mobile-header-display":"","site-post-title":"","ast-breadcrumbs-content":"","ast-featured-img":"","footer-sml-layout":"","theme-transparent-header-meta":"","adv-header-id-meta":"","stick-header-meta":"","header-above-stick-meta":"","header-main-stick-meta":"","header-below-stick-meta":"","astra-migrate-meta-layouts":"default","ast-page-background-enabled":"default","ast-page-background-meta":{"desktop":{"background-color":"var(--ast-global-color-5)","background-image":"","background-repeat":"repeat","background-position":"center center","background-size":"auto","background-attachment":"scroll","background-type":"","background-media":"","overlay-type":"","overlay-color":"","overlay-opacity":"","overlay-gradient":""},"tablet":{"background-color":"","background-image":"","background-repeat":"repeat","background-position":"center center","background-size":"auto","background-attachment":"scroll","background-type":"","background-media":"","overlay-type":"","overlay-color":"","overlay-opacity":"","overlay-gradient":""},"mobile":{"background-color":"","background-image":"","background-repeat":"repeat","background-position":"center center","background-size":"auto","background-attachment":"scroll","background-type":"","background-media":"","overlay-type":"","overlay-color":"","overlay-opacity":"","overlay-gradient":""}},"ast-content-background-meta":{"desktop":{"background-color":"var(--ast-global-color-4)","background-image":"","background-repeat":"repeat","background-position":"center center","background-size":"auto","background-attachment":"scroll","background-type":"","background-media":"","overlay-type":"","overlay-color":"","overlay-opacity":"","overlay-gradient":""},"tablet":{"background-color":"var(--ast-global-color-4)","background-image":"","background-repeat":"repeat","background-position":"center center","background-size":"auto","background-attachment":"scroll","background-type":"","background-media":"","overlay-type":"","overlay-color":"","overlay-opacity":"","overlay-gradient":""},"mobile":{"background-color":"var(--ast-global-color-4)","background-image":"","background-repeat":"repeat","background-position":"center center","background-size":"auto","background-attachment":"scroll","background-type":"","background-media":"","overlay-type":"","overlay-color":"","overlay-opacity":"","overlay-gradient":""}},"footnotes":""},"class_list":["post-577","page","type-page","status-publish","hentry"],"uagb_featured_image_src":{"full":false,"thumbnail":false,"medium":false,"medium_large":false,"large":false,"1536x1536":false,"2048x2048":false},"uagb_author_info":{"display_name":"Rodrigo","author_link":"https:\/\/vignolaingenieria.cl\/index.php\/author\/rodrigo\/"},"uagb_comment_info":0,"uagb_excerpt":"Calibraci\u00f3n de termohigr\u00f3metros ambientales en el rango de 30 \u00a0a 70%HR \/ 10 a 40\u00b0C VIGNOLA INGENIERIA ha implementado un [&hellip;]","_links":{"self":[{"href":"https:\/\/vignolaingenieria.cl\/index.php\/wp-json\/wp\/v2\/pages\/577","targetHints":{"allow":["GET"]}}],"collection":[{"href":"https:\/\/vignolaingenieria.cl\/index.php\/wp-json\/wp\/v2\/pages"}],"about":[{"href":"https:\/\/vignolaingenieria.cl\/index.php\/wp-json\/wp\/v2\/types\/page"}],"author":[{"embeddable":true,"href":"https:\/\/vignolaingenieria.cl\/index.php\/wp-json\/wp\/v2\/users\/1"}],"replies":[{"embeddable":true,"href":"https:\/\/vignolaingenieria.cl\/index.php\/wp-json\/wp\/v2\/comments?post=577"}],"version-history":[{"count":2,"href":"https:\/\/vignolaingenieria.cl\/index.php\/wp-json\/wp\/v2\/pages\/577\/revisions"}],"predecessor-version":[{"id":601,"href":"https:\/\/vignolaingenieria.cl\/index.php\/wp-json\/wp\/v2\/pages\/577\/revisions\/601"}],"up":[{"embeddable":true,"href":"https:\/\/vignolaingenieria.cl\/index.php\/wp-json\/wp\/v2\/pages\/397"}],"wp:attachment":[{"href":"https:\/\/vignolaingenieria.cl\/index.php\/wp-json\/wp\/v2\/media?parent=577"}],"curies":[{"name":"wp","href":"https:\/\/api.w.org\/{rel}","templated":true}]}}