{"id":551,"date":"2023-10-16T15:35:10","date_gmt":"2023-10-16T18:35:10","guid":{"rendered":"https:\/\/vignolaingenieria.cl\/?page_id=551"},"modified":"2023-10-16T15:35:12","modified_gmt":"2023-10-16T18:35:12","slug":"servicios-de-calibracion-de-temperatura","status":"publish","type":"page","link":"https:\/\/vignolaingenieria.cl\/index.php\/metrologia\/servicios-de-calibracion-de-temperatura\/","title":{"rendered":"Servicios de calibraci\u00f3n de temperatura."},"content":{"rendered":"\n<div class=\"wp-block-uagb-container uagb-block-e01ccadd alignfull uagb-is-root-container\"><div class=\"uagb-container-inner-blocks-wrap\">\n<h2 class=\"wp-block-heading has-text-align-center\">\u00a0Calibraci\u00f3n de en el rango de -40 \u00a0a 700\u00baC<\/h2>\n<\/div><\/div>\n\n\n\n<div class=\"wp-block-uagb-container uagb-block-a11946f7 alignfull uagb-is-root-container\"><div class=\"uagb-container-inner-blocks-wrap\">\n<div style=\"height:100px\" aria-hidden=\"true\" class=\"wp-block-spacer\"><\/div>\n\n\n\n<p>Las mediciones de temperatura precisas son cruciales para muchas industrias, incluidas las farmac\u00e9uticas, alimenticia, minera y de fabricaci\u00f3n en general. <strong>VIGNOLA INGENIERIA<\/strong> ofrece una gama completa de calibraci\u00f3n para todos sus requisitos de temperatura. Nuestros laboratorios cuentan con el equipo y los est\u00e1ndares primarios necesarios para mediciones precisas, incluidos hornos de pozo seco, ba\u00f1os termo regulados, junto con term\u00f3metros de resistencia de platino est\u00e1ndar (SPRT). Por nuestras capacidades de personal y equipamiento, podemos realizar calibraciones tanto en laboratorio o en la planta de nuestros clientes con acreditaci\u00f3n NCh ISO\/IEC 17025:2017.<\/p>\n<\/div><\/div>\n\n\n\n<div class=\"wp-block-uagb-container uagb-block-4bb1da06 alignfull uagb-is-root-container\"><div class=\"uagb-container-inner-blocks-wrap\">\n<div class=\"wp-block-uagb-info-box uagb-block-1633fdd2 uagb-infobox__content-wrap  uagb-infobox-icon-above-title uagb-infobox-image-valign-top\"><div class=\"uagb-ifb-content\"><div class=\"uagb-ifb-title-wrap\"><h3 class=\"uagb-ifb-title\">Nuestras capacidades nos permiten abarcar lo siguiente:<\/h3><\/div><div class=\"uagb-ifb-button-wrapper uagb-ifb-button-type-text wp-block-button\"><a href=\"#\" target=\"_self\" onclick=\"return false;\" class=\"uagb-infobox-cta-link wp-block-button__link\" rel=\"noopener noreferrer\" alt=\"\"><span class=\"uagb-inline-editing\">READ MORE<\/span><\/a><\/div><\/div><\/div>\n\n\n\n<ul class=\"wp-block-list\">\n<li>Rango de calibraci\u00f3n de instrumentos de -40 a 700\u00b0C<\/li>\n\n\n\n<li>M\u00e9todo de calibraci\u00f3n: Por comparaci\u00f3n directa con el patr\u00f3n de trabajo,<\/li>\n\n\n\n<li>Trazabilidad Metrol\u00f3gica: LCPN-TEMPERATURA<\/li>\n\n\n\n<li>Mejor capacidad de \u00b10,075 mK<\/li>\n\n\n\n<li>Servicios tanto laboratorio y en planta.<\/li>\n<\/ul>\n<\/div><\/div>\n\n\n\n<div class=\"wp-block-uagb-container uagb-block-5e5cfb4a alignfull uagb-is-root-container\"><div class=\"uagb-container-inner-blocks-wrap\"><\/div><\/div>\n\n\n\n<div class=\"wp-block-uagb-container uagb-block-f4e663ad alignfull uagb-is-root-container\"><div class=\"uagb-container-inner-blocks-wrap\">\n<div class=\"wp-block-uagb-container uagb-block-7a8251a1\">\n<div class=\"wp-block-columns is-layout-flex wp-container-core-columns-is-layout-28f84493 wp-block-columns-is-layout-flex\">\n<div class=\"wp-block-column is-layout-flow wp-block-column-is-layout-flow\">\n<figure class=\"wp-block-image size-large\"><img loading=\"lazy\" decoding=\"async\" width=\"1024\" height=\"768\" src=\"https:\/\/vignolaingenieria.cl\/wp-content\/uploads\/2023\/10\/20210604_163012-1-1024x768.jpg\" alt=\"\" class=\"wp-image-573\" srcset=\"https:\/\/vignolaingenieria.cl\/wp-content\/uploads\/2023\/10\/20210604_163012-1-1024x768.jpg 1024w, https:\/\/vignolaingenieria.cl\/wp-content\/uploads\/2023\/10\/20210604_163012-1-300x225.jpg 300w, https:\/\/vignolaingenieria.cl\/wp-content\/uploads\/2023\/10\/20210604_163012-1-768x576.jpg 768w, https:\/\/vignolaingenieria.cl\/wp-content\/uploads\/2023\/10\/20210604_163012-1-1536x1152.jpg 1536w, https:\/\/vignolaingenieria.cl\/wp-content\/uploads\/2023\/10\/20210604_163012-1-2048x1536.jpg 2048w\" sizes=\"auto, (max-width: 1024px) 100vw, 1024px\" \/><\/figure>\n<\/div>\n\n\n\n<div class=\"wp-block-column is-layout-flow wp-block-column-is-layout-flow\">\n<h2 class=\"wp-block-heading\">Instrumentos a calibrar.<\/h2>\n\n\n\n<ul class=\"wp-block-list\">\n<li>Calibraci\u00f3n sistemas termom\u00e9tricos digitales con sensor (RTD, termopar, termistor).<\/li>\n\n\n\n<li>Calibraci\u00f3n Termohigr\u00f3metros digitales y an\u00e1logos.<\/li>\n\n\n\n<li>Calibraci\u00f3n de controladores de temperatura.<\/li>\n\n\n\n<li>Calibraci\u00f3n estufas, autoclaves, ba\u00f1os termo regulados, c\u00e1maras climatizadas, entre otros.<\/li>\n\n\n\n<li>Calibraci\u00f3n de Term\u00f3metros sin contacto (IR).<\/li>\n<\/ul>\n<\/div>\n<\/div>\n<\/div>\n<\/div><\/div>\n\n\n\n<h2 class=\"wp-block-heading\">Alcance del servicio Acreditados.<\/h2>\n\n\n\n<figure class=\"wp-block-image size-large\"><img loading=\"lazy\" decoding=\"async\" width=\"1024\" height=\"303\" src=\"https:\/\/vignolaingenieria.cl\/wp-content\/uploads\/2023\/10\/tabla-5-1024x303.jpg\" alt=\"\" class=\"wp-image-574\" srcset=\"https:\/\/vignolaingenieria.cl\/wp-content\/uploads\/2023\/10\/tabla-5-1024x303.jpg 1024w, https:\/\/vignolaingenieria.cl\/wp-content\/uploads\/2023\/10\/tabla-5-300x89.jpg 300w, https:\/\/vignolaingenieria.cl\/wp-content\/uploads\/2023\/10\/tabla-5-768x228.jpg 768w, https:\/\/vignolaingenieria.cl\/wp-content\/uploads\/2023\/10\/tabla-5-1536x455.jpg 1536w, https:\/\/vignolaingenieria.cl\/wp-content\/uploads\/2023\/10\/tabla-5.jpg 1920w\" sizes=\"auto, (max-width: 1024px) 100vw, 1024px\" \/><\/figure>\n","protected":false},"excerpt":{"rendered":"<p>\u00a0Calibraci\u00f3n de en el rango de -40 \u00a0a 700\u00baC Las mediciones de temperatura precisas son cruciales para muchas industrias, incluidas [&hellip;]<\/p>\n","protected":false},"author":1,"featured_media":0,"parent":397,"menu_order":0,"comment_status":"closed","ping_status":"closed","template":"","meta":{"_uag_custom_page_level_css":"","site-sidebar-layout":"default","site-content-layout":"","ast-site-content-layout":"default","site-content-style":"default","site-sidebar-style":"default","ast-global-header-display":"","ast-banner-title-visibility":"","ast-main-header-display":"","ast-hfb-above-header-display":"","ast-hfb-below-header-display":"","ast-hfb-mobile-header-display":"","site-post-title":"","ast-breadcrumbs-content":"","ast-featured-img":"","footer-sml-layout":"","theme-transparent-header-meta":"","adv-header-id-meta":"","stick-header-meta":"","header-above-stick-meta":"","header-main-stick-meta":"","header-below-stick-meta":"","astra-migrate-meta-layouts":"default","ast-page-background-enabled":"default","ast-page-background-meta":{"desktop":{"background-color":"var(--ast-global-color-5)","background-image":"","background-repeat":"repeat","background-position":"center center","background-size":"auto","background-attachment":"scroll","background-type":"","background-media":"","overlay-type":"","overlay-color":"","overlay-opacity":"","overlay-gradient":""},"tablet":{"background-color":"","background-image":"","background-repeat":"repeat","background-position":"center center","background-size":"auto","background-attachment":"scroll","background-type":"","background-media":"","overlay-type":"","overlay-color":"","overlay-opacity":"","overlay-gradient":""},"mobile":{"background-color":"","background-image":"","background-repeat":"repeat","background-position":"center center","background-size":"auto","background-attachment":"scroll","background-type":"","background-media":"","overlay-type":"","overlay-color":"","overlay-opacity":"","overlay-gradient":""}},"ast-content-background-meta":{"desktop":{"background-color":"var(--ast-global-color-4)","background-image":"","background-repeat":"repeat","background-position":"center center","background-size":"auto","background-attachment":"scroll","background-type":"","background-media":"","overlay-type":"","overlay-color":"","overlay-opacity":"","overlay-gradient":""},"tablet":{"background-color":"var(--ast-global-color-4)","background-image":"","background-repeat":"repeat","background-position":"center center","background-size":"auto","background-attachment":"scroll","background-type":"","background-media":"","overlay-type":"","overlay-color":"","overlay-opacity":"","overlay-gradient":""},"mobile":{"background-color":"var(--ast-global-color-4)","background-image":"","background-repeat":"repeat","background-position":"center center","background-size":"auto","background-attachment":"scroll","background-type":"","background-media":"","overlay-type":"","overlay-color":"","overlay-opacity":"","overlay-gradient":""}},"footnotes":""},"class_list":["post-551","page","type-page","status-publish","hentry"],"uagb_featured_image_src":{"full":false,"thumbnail":false,"medium":false,"medium_large":false,"large":false,"1536x1536":false,"2048x2048":false},"uagb_author_info":{"display_name":"Rodrigo","author_link":"https:\/\/vignolaingenieria.cl\/index.php\/author\/rodrigo\/"},"uagb_comment_info":0,"uagb_excerpt":"\u00a0Calibraci\u00f3n de en el rango de -40 \u00a0a 700\u00baC Las mediciones de temperatura precisas son cruciales para muchas industrias, incluidas [&hellip;]","_links":{"self":[{"href":"https:\/\/vignolaingenieria.cl\/index.php\/wp-json\/wp\/v2\/pages\/551","targetHints":{"allow":["GET"]}}],"collection":[{"href":"https:\/\/vignolaingenieria.cl\/index.php\/wp-json\/wp\/v2\/pages"}],"about":[{"href":"https:\/\/vignolaingenieria.cl\/index.php\/wp-json\/wp\/v2\/types\/page"}],"author":[{"embeddable":true,"href":"https:\/\/vignolaingenieria.cl\/index.php\/wp-json\/wp\/v2\/users\/1"}],"replies":[{"embeddable":true,"href":"https:\/\/vignolaingenieria.cl\/index.php\/wp-json\/wp\/v2\/comments?post=551"}],"version-history":[{"count":1,"href":"https:\/\/vignolaingenieria.cl\/index.php\/wp-json\/wp\/v2\/pages\/551\/revisions"}],"predecessor-version":[{"id":575,"href":"https:\/\/vignolaingenieria.cl\/index.php\/wp-json\/wp\/v2\/pages\/551\/revisions\/575"}],"up":[{"embeddable":true,"href":"https:\/\/vignolaingenieria.cl\/index.php\/wp-json\/wp\/v2\/pages\/397"}],"wp:attachment":[{"href":"https:\/\/vignolaingenieria.cl\/index.php\/wp-json\/wp\/v2\/media?parent=551"}],"curies":[{"name":"wp","href":"https:\/\/api.w.org\/{rel}","templated":true}]}}