{"id":494,"date":"2023-10-16T14:15:09","date_gmt":"2023-10-16T17:15:09","guid":{"rendered":"https:\/\/vignolaingenieria.cl\/?page_id=494"},"modified":"2023-10-16T14:16:47","modified_gmt":"2023-10-16T17:16:47","slug":"servicios-de-verificacion-electronica-de-caudalimetro","status":"publish","type":"page","link":"https:\/\/vignolaingenieria.cl\/index.php\/metrologia\/servicios-de-verificacion-electronica-de-caudalimetro\/","title":{"rendered":"Servicios de verificaci\u00f3n electr\u00f3nica de caudal\u00edmetro."},"content":{"rendered":"\n<div class=\"wp-block-uagb-container uagb-block-dc2192a5 alignfull uagb-is-root-container\"><div class=\"uagb-container-inner-blocks-wrap\">\n<div class=\"wp-block-uagb-container uagb-block-acf37ee0\">\n<div class=\"wp-block-uagb-info-box uagb-block-6ae3bc01 uagb-infobox__content-wrap  uagb-infobox-icon-above-title uagb-infobox-image-valign-top\"><div class=\"uagb-ifb-content\"><div class=\"uagb-ifb-title-wrap\"><h1 class=\"uagb-ifb-title\"><mark style=\"background-color:rgba(0, 0, 0, 0)\" class=\"has-inline-color has-white-color\">Verificaci\u00f3n INSITU caudal\u00edmetros SIEMENS<\/mark><\/h1><\/div><div class=\"uagb-ifb-separator\"><\/div><\/div><\/div>\n<\/div>\n<\/div><\/div>\n\n\n\n<div class=\"wp-block-uagb-container uagb-block-0b88afd1 alignfull uagb-is-root-container\"><div class=\"uagb-container-inner-blocks-wrap\">\n<div class=\"wp-block-uagb-container uagb-block-f970e75c\">\n<div class=\"wp-block-uagb-image alignleft uagb-block-52725968 wp-block-uagb-image--layout-default wp-block-uagb-image--effect-static wp-block-uagb-image--align-left\"><figure class=\"wp-block-uagb-image__figure\"><img decoding=\"async\" srcset=\"https:\/\/vignolaingenieria.cl\/wp-content\/uploads\/2023\/10\/Imagen-de-WhatsApp-2023-08-18-a-las-12.15.49.jpg ,http:\/\/vignolaingenieria.cl\/wp-content\/uploads\/2023\/10\/Imagen-de-WhatsApp-2023-08-18-a-las-12.15.49.jpg 780w, http:\/\/vignolaingenieria.cl\/wp-content\/uploads\/2023\/10\/Imagen-de-WhatsApp-2023-08-18-a-las-12.15.49.jpg 360w\" sizes=\"auto, (max-width: 480px) 150px\" src=\"https:\/\/vignolaingenieria.cl\/wp-content\/uploads\/2023\/10\/Imagen-de-WhatsApp-2023-08-18-a-las-12.15.49.jpg\" alt=\"\" class=\"uag-image-504\" width=\"816\" height=\"612\" title=\"\" loading=\"lazy\"\/><\/figure><\/div>\n<\/div>\n\n\n\n<div class=\"wp-block-uagb-container uagb-block-cb0db897\">\n<div class=\"wp-block-uagb-advanced-heading uagb-block-e32b2b17\"><h6 class=\"uagb-heading-text\"><strong>VIGNOLA INGENIERIA<\/strong><\/h6><\/div>\n\n\n\n<p><strong>VIGNOLA INGENIERIA<\/strong> cuenta con las capacidades t\u00e9cnicas para validar y hacer declaraciones de conformidad de la electr\u00f3nica, transmisores, aislaci\u00f3n y magnetismo de las l\u00edneas de caudal\u00edmetros de la marca SIEMENS, para esto, que es un aparato dedicado que permite realizar la compleja comprobaci\u00f3n y la prueba de rendimiento de todo del sistema del caudal\u00edmetro bas\u00e1ndose en principios exclusivos patentados de SIEMENS.<\/p>\n\n\n\n<p>El Verificator SITRANS F M es una herramienta externa prevista para el la gama de transmisor de caudal modelo MAG 5000 y el MAG 6000 con sensores MAG 1100, MAG 1100 F, MAG 3100, MAG 3100 P o MAG 5100 W, que permite comprobar el producto entero, el montaje y la aplicaci\u00f3n.<\/p>\n<\/div>\n<\/div><\/div>\n\n\n\n<div class=\"wp-block-uagb-container uagb-block-337e9074 alignfull uagb-is-root-container\"><div class=\"uagb-container-inner-blocks-wrap\">\n<div class=\"wp-block-uagb-container uagb-block-0e373938\">\n<div class=\"wp-block-uagb-advanced-heading uagb-block-98687bb7\"><h6 class=\"uagb-heading-text\">Instrumentos a verificar.<\/h6><\/div>\n<\/div>\n\n\n\n<div class=\"wp-block-uagb-container uagb-block-8a3b4cb7\">\n<ul class=\"wp-block-list\">\n<li>Verificaci\u00f3n Transmisores MAG 5000 y el MAG 6000 SIEMENS<\/li>\n\n\n\n<li>Verificaci\u00f3n sensores MAG 1100, MAG 1100 F, MAG 3100, MAG 3100 P o MAG 5100 W SIEMENS<\/li>\n<\/ul>\n<\/div>\n<\/div><\/div>\n\n\n\n<ul class=\"wp-block-list\">\n<li>Verificaci\u00f3n de aislaci\u00f3n del sensor.<\/li>\n\n\n\n<li>Verificaci\u00f3n de los transmisores, salida digitales y dem\u00e1s caracter\u00edsticas.<\/li>\n\n\n\n<li>Verificaci\u00f3n de los magnetismos del sensor.<\/li>\n<\/ul>\n\n\n\n<figure class=\"wp-block-gallery has-nested-images columns-default is-cropped wp-block-gallery-1 is-layout-flex wp-block-gallery-is-layout-flex\">\n<figure class=\"wp-block-image size-large\"><img loading=\"lazy\" decoding=\"async\" width=\"1024\" height=\"768\" data-id=\"506\" src=\"https:\/\/vignolaingenieria.cl\/wp-content\/uploads\/2023\/10\/IMG_20201013_130354929-1-1024x768.jpg\" alt=\"\" class=\"wp-image-506\" srcset=\"https:\/\/vignolaingenieria.cl\/wp-content\/uploads\/2023\/10\/IMG_20201013_130354929-1-1024x768.jpg 1024w, https:\/\/vignolaingenieria.cl\/wp-content\/uploads\/2023\/10\/IMG_20201013_130354929-1-300x225.jpg 300w, https:\/\/vignolaingenieria.cl\/wp-content\/uploads\/2023\/10\/IMG_20201013_130354929-1-768x576.jpg 768w, https:\/\/vignolaingenieria.cl\/wp-content\/uploads\/2023\/10\/IMG_20201013_130354929-1-1536x1152.jpg 1536w, https:\/\/vignolaingenieria.cl\/wp-content\/uploads\/2023\/10\/IMG_20201013_130354929-1-2048x1536.jpg 2048w\" sizes=\"auto, (max-width: 1024px) 100vw, 1024px\" \/><\/figure>\n\n\n\n<figure class=\"wp-block-image size-large\"><img loading=\"lazy\" decoding=\"async\" width=\"1024\" height=\"768\" data-id=\"507\" src=\"https:\/\/vignolaingenieria.cl\/wp-content\/uploads\/2023\/10\/IMG_20201022_103320388-1024x768.jpg\" alt=\"\" class=\"wp-image-507\" srcset=\"https:\/\/vignolaingenieria.cl\/wp-content\/uploads\/2023\/10\/IMG_20201022_103320388-1024x768.jpg 1024w, https:\/\/vignolaingenieria.cl\/wp-content\/uploads\/2023\/10\/IMG_20201022_103320388-300x225.jpg 300w, https:\/\/vignolaingenieria.cl\/wp-content\/uploads\/2023\/10\/IMG_20201022_103320388-768x576.jpg 768w, https:\/\/vignolaingenieria.cl\/wp-content\/uploads\/2023\/10\/IMG_20201022_103320388-1536x1152.jpg 1536w, https:\/\/vignolaingenieria.cl\/wp-content\/uploads\/2023\/10\/IMG_20201022_103320388-2048x1536.jpg 2048w\" sizes=\"auto, (max-width: 1024px) 100vw, 1024px\" \/><\/figure>\n\n\n\n<figure class=\"wp-block-image size-large\"><img loading=\"lazy\" decoding=\"async\" width=\"1024\" height=\"768\" data-id=\"508\" src=\"https:\/\/vignolaingenieria.cl\/wp-content\/uploads\/2023\/10\/IMG_20201022_154358360_HDR-1024x768.jpg\" alt=\"\" class=\"wp-image-508\" srcset=\"https:\/\/vignolaingenieria.cl\/wp-content\/uploads\/2023\/10\/IMG_20201022_154358360_HDR-1024x768.jpg 1024w, https:\/\/vignolaingenieria.cl\/wp-content\/uploads\/2023\/10\/IMG_20201022_154358360_HDR-300x225.jpg 300w, https:\/\/vignolaingenieria.cl\/wp-content\/uploads\/2023\/10\/IMG_20201022_154358360_HDR-768x576.jpg 768w, https:\/\/vignolaingenieria.cl\/wp-content\/uploads\/2023\/10\/IMG_20201022_154358360_HDR-1536x1152.jpg 1536w, https:\/\/vignolaingenieria.cl\/wp-content\/uploads\/2023\/10\/IMG_20201022_154358360_HDR-2048x1536.jpg 2048w\" sizes=\"auto, (max-width: 1024px) 100vw, 1024px\" \/><\/figure>\n\n\n\n<figure class=\"wp-block-image size-large\"><img loading=\"lazy\" decoding=\"async\" width=\"768\" height=\"1024\" data-id=\"505\" src=\"https:\/\/vignolaingenieria.cl\/wp-content\/uploads\/2023\/10\/IMG_20201023_141426760-768x1024.jpg\" alt=\"\" class=\"wp-image-505\" srcset=\"https:\/\/vignolaingenieria.cl\/wp-content\/uploads\/2023\/10\/IMG_20201023_141426760-768x1024.jpg 768w, https:\/\/vignolaingenieria.cl\/wp-content\/uploads\/2023\/10\/IMG_20201023_141426760-225x300.jpg 225w, https:\/\/vignolaingenieria.cl\/wp-content\/uploads\/2023\/10\/IMG_20201023_141426760-1152x1536.jpg 1152w, https:\/\/vignolaingenieria.cl\/wp-content\/uploads\/2023\/10\/IMG_20201023_141426760-1536x2048.jpg 1536w, https:\/\/vignolaingenieria.cl\/wp-content\/uploads\/2023\/10\/IMG_20201023_141426760-scaled.jpg 1920w\" sizes=\"auto, (max-width: 768px) 100vw, 768px\" \/><\/figure>\n<\/figure>\n","protected":false},"excerpt":{"rendered":"<p>VIGNOLA INGENIERIA VIGNOLA INGENIERIA cuenta con las capacidades t\u00e9cnicas para validar y hacer declaraciones de conformidad de la electr\u00f3nica, transmisores, [&hellip;]<\/p>\n","protected":false},"author":1,"featured_media":0,"parent":397,"menu_order":0,"comment_status":"closed","ping_status":"closed","template":"","meta":{"_uag_custom_page_level_css":"","site-sidebar-layout":"default","site-content-layout":"","ast-site-content-layout":"default","site-content-style":"default","site-sidebar-style":"default","ast-global-header-display":"","ast-banner-title-visibility":"","ast-main-header-display":"","ast-hfb-above-header-display":"","ast-hfb-below-header-display":"","ast-hfb-mobile-header-display":"","site-post-title":"","ast-breadcrumbs-content":"","ast-featured-img":"","footer-sml-layout":"","theme-transparent-header-meta":"","adv-header-id-meta":"","stick-header-meta":"","header-above-stick-meta":"","header-main-stick-meta":"","header-below-stick-meta":"","astra-migrate-meta-layouts":"default","ast-page-background-enabled":"default","ast-page-background-meta":{"desktop":{"background-color":"var(--ast-global-color-5)","background-image":"","background-repeat":"repeat","background-position":"center center","background-size":"auto","background-attachment":"scroll","background-type":"","background-media":"","overlay-type":"","overlay-color":"","overlay-opacity":"","overlay-gradient":""},"tablet":{"background-color":"","background-image":"","background-repeat":"repeat","background-position":"center center","background-size":"auto","background-attachment":"scroll","background-type":"","background-media":"","overlay-type":"","overlay-color":"","overlay-opacity":"","overlay-gradient":""},"mobile":{"background-color":"","background-image":"","background-repeat":"repeat","background-position":"center center","background-size":"auto","background-attachment":"scroll","background-type":"","background-media":"","overlay-type":"","overlay-color":"","overlay-opacity":"","overlay-gradient":""}},"ast-content-background-meta":{"desktop":{"background-color":"var(--ast-global-color-4)","background-image":"","background-repeat":"repeat","background-position":"center center","background-size":"auto","background-attachment":"scroll","background-type":"","background-media":"","overlay-type":"","overlay-color":"","overlay-opacity":"","overlay-gradient":""},"tablet":{"background-color":"var(--ast-global-color-4)","background-image":"","background-repeat":"repeat","background-position":"center center","background-size":"auto","background-attachment":"scroll","background-type":"","background-media":"","overlay-type":"","overlay-color":"","overlay-opacity":"","overlay-gradient":""},"mobile":{"background-color":"var(--ast-global-color-4)","background-image":"","background-repeat":"repeat","background-position":"center center","background-size":"auto","background-attachment":"scroll","background-type":"","background-media":"","overlay-type":"","overlay-color":"","overlay-opacity":"","overlay-gradient":""}},"footnotes":""},"class_list":["post-494","page","type-page","status-publish","hentry"],"uagb_featured_image_src":{"full":false,"thumbnail":false,"medium":false,"medium_large":false,"large":false,"1536x1536":false,"2048x2048":false},"uagb_author_info":{"display_name":"Rodrigo","author_link":"https:\/\/vignolaingenieria.cl\/index.php\/author\/rodrigo\/"},"uagb_comment_info":0,"uagb_excerpt":"VIGNOLA INGENIERIA VIGNOLA INGENIERIA cuenta con las capacidades t\u00e9cnicas para validar y hacer declaraciones de conformidad de la electr\u00f3nica, transmisores, [&hellip;]","_links":{"self":[{"href":"https:\/\/vignolaingenieria.cl\/index.php\/wp-json\/wp\/v2\/pages\/494","targetHints":{"allow":["GET"]}}],"collection":[{"href":"https:\/\/vignolaingenieria.cl\/index.php\/wp-json\/wp\/v2\/pages"}],"about":[{"href":"https:\/\/vignolaingenieria.cl\/index.php\/wp-json\/wp\/v2\/types\/page"}],"author":[{"embeddable":true,"href":"https:\/\/vignolaingenieria.cl\/index.php\/wp-json\/wp\/v2\/users\/1"}],"replies":[{"embeddable":true,"href":"https:\/\/vignolaingenieria.cl\/index.php\/wp-json\/wp\/v2\/comments?post=494"}],"version-history":[{"count":2,"href":"https:\/\/vignolaingenieria.cl\/index.php\/wp-json\/wp\/v2\/pages\/494\/revisions"}],"predecessor-version":[{"id":511,"href":"https:\/\/vignolaingenieria.cl\/index.php\/wp-json\/wp\/v2\/pages\/494\/revisions\/511"}],"up":[{"embeddable":true,"href":"https:\/\/vignolaingenieria.cl\/index.php\/wp-json\/wp\/v2\/pages\/397"}],"wp:attachment":[{"href":"https:\/\/vignolaingenieria.cl\/index.php\/wp-json\/wp\/v2\/media?parent=494"}],"curies":[{"name":"wp","href":"https:\/\/api.w.org\/{rel}","templated":true}]}}