{"id":476,"date":"2023-10-16T12:53:50","date_gmt":"2023-10-16T15:53:50","guid":{"rendered":"https:\/\/vignolaingenieria.cl\/?page_id=476"},"modified":"2023-10-16T12:57:26","modified_gmt":"2023-10-16T15:57:26","slug":"servicios-de-verificacion-por-contrastacion-caudal","status":"publish","type":"page","link":"https:\/\/vignolaingenieria.cl\/index.php\/metrologia\/servicios-de-verificacion-por-contrastacion-caudal\/","title":{"rendered":"Servicios de verificaci\u00f3n por contrastaci\u00f3n caudal."},"content":{"rendered":"\n<div class=\"wp-block-uagb-container uagb-block-7154df4d alignfull uagb-is-root-container\"><div class=\"uagb-container-inner-blocks-wrap\">\n<h2 class=\"wp-block-heading has-text-align-center\"><mark style=\"background-color:rgba(0, 0, 0, 0)\" class=\"has-inline-color has-white-color\">Servicio verificaci\u00f3n en terreno de caudal\u00edmetros\u00a0 seg\u00fan la NCh 3205:2011<\/mark><\/h2>\n<\/div><\/div>\n\n\n\n<div style=\"height:100px\" aria-hidden=\"true\" class=\"wp-block-spacer\"><\/div>\n\n\n\n<p>La verificaci\u00f3n por contrastaci\u00f3n se desarrolla realizando una comparaci\u00f3n de las mediciones de caudal efectuadas por medidores en uso rutinario, contra un equipo patr\u00f3n calibrado que cuente con trazabilidad. Se procede como se indica en la norma NCh 3205-2011, punto 6.2.2.2, pero en el caso espec\u00edfico de la contrastaci\u00f3n en terreno del sensor electromagn\u00e9tico, el equipo patr\u00f3n se debe instalar en el mismo ducto, cerca del sensor fijo a contrastar&nbsp; y al menos a una extensi\u00f3n de cinco di\u00e1metros aguas debajo de cualquier singularidad (codo, curva, v\u00e1lvula y otros). Vignola utiliza para este procedimiento 2 equipos patrones ultras\u00f3nicos SIEMENS FUP1010, los cuales cuentan con trazabilidad a los patrones nacionales, adem\u00e1s de ser utilizados en la medici\u00f3n de diferentes fluidos como lo son pulpa de papel, concentrado de cobre, aguas limpias o residuales entre otras.&nbsp;<\/p>\n\n\n\n<div class=\"wp-block-uagb-container uagb-block-3b6cfb8b alignfull uagb-is-root-container\"><div class=\"uagb-container-inner-blocks-wrap\">\n<div class=\"wp-block-uagb-container uagb-block-e80f065e\">\n<div class=\"wp-block-uagb-info-box uagb-block-86bf9543 uagb-infobox__content-wrap  uagb-infobox-icon-above-title uagb-infobox-image-valign-top\"><div class=\"uagb-ifb-content\"><div class=\"uagb-ifb-image-content\"><img decoding=\"async\" src=\"http:\/\/vignolaingenieria.cl\/wp-content\/uploads\/2023\/10\/Imagen-de-WhatsApp-2023-08-18-a-las-12.16.05.jpg\" alt=\"\" width=\"\" height=\"0\" loading=\"lazy\"\/><\/div><div class=\"uagb-ifb-title-wrap\"><\/div><\/div><\/div>\n\n\n\n<ul class=\"wp-block-list\">\n<li>Rango de calibraci\u00f3n: 5 m\u00b3\/h &nbsp;a 600 m\u00b3\/h.<\/li>\n\n\n\n<li>Di\u00e1metros de DN20 a DN600<\/li>\n\n\n\n<li>M\u00e9todo de calibraci\u00f3n: Comparaci\u00f3n con un caudal\u00edmetro patr\u00f3n conectado en serie<\/li>\n\n\n\n<li>Recursos utilizados: Caudal\u00edmetro ultras\u00f3nicos SITRANS FUP1010 SIEMENS<\/li>\n\n\n\n<li>Trazabilidad Metrol\u00f3gica: INH \u2013 VIGNOLA \u2013 BIGFLOW<\/li>\n<\/ul>\n<\/div>\n\n\n\n<div class=\"wp-block-uagb-container uagb-block-bf1e0159\">\n<div class=\"wp-block-uagb-info-box uagb-block-7799c1a1 uagb-infobox__content-wrap  uagb-infobox-icon-above-title uagb-infobox-image-valign-top\"><div class=\"uagb-ifb-content\"><div class=\"uagb-ifb-image-content\"><img decoding=\"async\" src=\"http:\/\/vignolaingenieria.cl\/wp-content\/uploads\/2023\/10\/Imagen-de-WhatsApp-2023-08-18-a-las-12.30.07.jpg\" alt=\"\" width=\"\" height=\"0\" loading=\"lazy\"\/><\/div><div class=\"uagb-ifb-title-wrap\"><h4 class=\"uagb-ifb-title\">Instrumentos a calibrar.<\/h4><\/div><p class=\"uagb-ifb-desc\">&#8211; Calibraci\u00f3n caudal\u00edmetros electromagn\u00e9ticos.<br>&#8211; Calibraci\u00f3n caudal\u00edmetros desplazamiento positivo y otros.<\/p><\/div><\/div>\n<\/div>\n<\/div><\/div>\n\n\n\n<figure class=\"wp-block-image aligncenter size-large\"><img loading=\"lazy\" decoding=\"async\" width=\"1024\" height=\"197\" src=\"https:\/\/vignolaingenieria.cl\/wp-content\/uploads\/2023\/10\/tabla-3-1024x197.jpg\" alt=\"\" class=\"wp-image-485\" srcset=\"https:\/\/vignolaingenieria.cl\/wp-content\/uploads\/2023\/10\/tabla-3-1024x197.jpg 1024w, https:\/\/vignolaingenieria.cl\/wp-content\/uploads\/2023\/10\/tabla-3-300x58.jpg 300w, https:\/\/vignolaingenieria.cl\/wp-content\/uploads\/2023\/10\/tabla-3-768x148.jpg 768w, https:\/\/vignolaingenieria.cl\/wp-content\/uploads\/2023\/10\/tabla-3-1536x296.jpg 1536w, https:\/\/vignolaingenieria.cl\/wp-content\/uploads\/2023\/10\/tabla-3.jpg 1920w\" sizes=\"auto, (max-width: 1024px) 100vw, 1024px\" \/><\/figure>\n\n\n\n<figure class=\"wp-block-gallery has-nested-images columns-default is-cropped wp-block-gallery-1 is-layout-flex wp-block-gallery-is-layout-flex\">\n<figure class=\"wp-block-image size-large\"><img loading=\"lazy\" decoding=\"async\" width=\"612\" height=\"816\" data-id=\"487\" src=\"https:\/\/vignolaingenieria.cl\/wp-content\/uploads\/2023\/10\/Imagen-de-WhatsApp-2023-08-18-a-las-12.16.02-1.jpg\" alt=\"\" class=\"wp-image-487\" srcset=\"https:\/\/vignolaingenieria.cl\/wp-content\/uploads\/2023\/10\/Imagen-de-WhatsApp-2023-08-18-a-las-12.16.02-1.jpg 612w, https:\/\/vignolaingenieria.cl\/wp-content\/uploads\/2023\/10\/Imagen-de-WhatsApp-2023-08-18-a-las-12.16.02-1-225x300.jpg 225w\" sizes=\"auto, (max-width: 612px) 100vw, 612px\" \/><\/figure>\n\n\n\n<figure class=\"wp-block-image size-large\"><img loading=\"lazy\" decoding=\"async\" width=\"816\" height=\"612\" data-id=\"489\" src=\"https:\/\/vignolaingenieria.cl\/wp-content\/uploads\/2023\/10\/Imagen-de-WhatsApp-2023-08-18-a-las-12.16.05-1.jpg\" alt=\"\" class=\"wp-image-489\" srcset=\"https:\/\/vignolaingenieria.cl\/wp-content\/uploads\/2023\/10\/Imagen-de-WhatsApp-2023-08-18-a-las-12.16.05-1.jpg 816w, https:\/\/vignolaingenieria.cl\/wp-content\/uploads\/2023\/10\/Imagen-de-WhatsApp-2023-08-18-a-las-12.16.05-1-300x225.jpg 300w, https:\/\/vignolaingenieria.cl\/wp-content\/uploads\/2023\/10\/Imagen-de-WhatsApp-2023-08-18-a-las-12.16.05-1-768x576.jpg 768w\" sizes=\"auto, (max-width: 816px) 100vw, 816px\" \/><\/figure>\n\n\n\n<figure class=\"wp-block-image size-large\"><img loading=\"lazy\" decoding=\"async\" width=\"816\" height=\"612\" data-id=\"486\" src=\"https:\/\/vignolaingenieria.cl\/wp-content\/uploads\/2023\/10\/Imagen-de-WhatsApp-2023-08-18-a-las-12.16.07.jpg\" alt=\"\" class=\"wp-image-486\" srcset=\"https:\/\/vignolaingenieria.cl\/wp-content\/uploads\/2023\/10\/Imagen-de-WhatsApp-2023-08-18-a-las-12.16.07.jpg 816w, https:\/\/vignolaingenieria.cl\/wp-content\/uploads\/2023\/10\/Imagen-de-WhatsApp-2023-08-18-a-las-12.16.07-300x225.jpg 300w, https:\/\/vignolaingenieria.cl\/wp-content\/uploads\/2023\/10\/Imagen-de-WhatsApp-2023-08-18-a-las-12.16.07-768x576.jpg 768w\" sizes=\"auto, (max-width: 816px) 100vw, 816px\" \/><\/figure>\n\n\n\n<figure class=\"wp-block-image size-large\"><img loading=\"lazy\" decoding=\"async\" width=\"816\" height=\"612\" data-id=\"488\" src=\"https:\/\/vignolaingenieria.cl\/wp-content\/uploads\/2023\/10\/Imagen-de-WhatsApp-2023-08-18-a-las-12.16.08.jpg\" alt=\"\" class=\"wp-image-488\" srcset=\"https:\/\/vignolaingenieria.cl\/wp-content\/uploads\/2023\/10\/Imagen-de-WhatsApp-2023-08-18-a-las-12.16.08.jpg 816w, https:\/\/vignolaingenieria.cl\/wp-content\/uploads\/2023\/10\/Imagen-de-WhatsApp-2023-08-18-a-las-12.16.08-300x225.jpg 300w, https:\/\/vignolaingenieria.cl\/wp-content\/uploads\/2023\/10\/Imagen-de-WhatsApp-2023-08-18-a-las-12.16.08-768x576.jpg 768w\" sizes=\"auto, (max-width: 816px) 100vw, 816px\" \/><\/figure>\n<\/figure>\n","protected":false},"excerpt":{"rendered":"<p>Servicio verificaci\u00f3n en terreno de caudal\u00edmetros\u00a0 seg\u00fan la NCh 3205:2011 La verificaci\u00f3n por contrastaci\u00f3n se desarrolla realizando una comparaci\u00f3n de [&hellip;]<\/p>\n","protected":false},"author":1,"featured_media":0,"parent":397,"menu_order":0,"comment_status":"closed","ping_status":"closed","template":"","meta":{"_uag_custom_page_level_css":"","site-sidebar-layout":"default","site-content-layout":"","ast-site-content-layout":"default","site-content-style":"default","site-sidebar-style":"default","ast-global-header-display":"","ast-banner-title-visibility":"","ast-main-header-display":"","ast-hfb-above-header-display":"","ast-hfb-below-header-display":"","ast-hfb-mobile-header-display":"","site-post-title":"","ast-breadcrumbs-content":"","ast-featured-img":"","footer-sml-layout":"","theme-transparent-header-meta":"","adv-header-id-meta":"","stick-header-meta":"","header-above-stick-meta":"","header-main-stick-meta":"","header-below-stick-meta":"","astra-migrate-meta-layouts":"default","ast-page-background-enabled":"default","ast-page-background-meta":{"desktop":{"background-color":"var(--ast-global-color-5)","background-image":"","background-repeat":"repeat","background-position":"center center","background-size":"auto","background-attachment":"scroll","background-type":"","background-media":"","overlay-type":"","overlay-color":"","overlay-opacity":"","overlay-gradient":""},"tablet":{"background-color":"","background-image":"","background-repeat":"repeat","background-position":"center center","background-size":"auto","background-attachment":"scroll","background-type":"","background-media":"","overlay-type":"","overlay-color":"","overlay-opacity":"","overlay-gradient":""},"mobile":{"background-color":"","background-image":"","background-repeat":"repeat","background-position":"center center","background-size":"auto","background-attachment":"scroll","background-type":"","background-media":"","overlay-type":"","overlay-color":"","overlay-opacity":"","overlay-gradient":""}},"ast-content-background-meta":{"desktop":{"background-color":"var(--ast-global-color-4)","background-image":"","background-repeat":"repeat","background-position":"center center","background-size":"auto","background-attachment":"scroll","background-type":"","background-media":"","overlay-type":"","overlay-color":"","overlay-opacity":"","overlay-gradient":""},"tablet":{"background-color":"var(--ast-global-color-4)","background-image":"","background-repeat":"repeat","background-position":"center center","background-size":"auto","background-attachment":"scroll","background-type":"","background-media":"","overlay-type":"","overlay-color":"","overlay-opacity":"","overlay-gradient":""},"mobile":{"background-color":"var(--ast-global-color-4)","background-image":"","background-repeat":"repeat","background-position":"center center","background-size":"auto","background-attachment":"scroll","background-type":"","background-media":"","overlay-type":"","overlay-color":"","overlay-opacity":"","overlay-gradient":""}},"footnotes":""},"class_list":["post-476","page","type-page","status-publish","hentry"],"uagb_featured_image_src":{"full":false,"thumbnail":false,"medium":false,"medium_large":false,"large":false,"1536x1536":false,"2048x2048":false},"uagb_author_info":{"display_name":"Rodrigo","author_link":"https:\/\/vignolaingenieria.cl\/index.php\/author\/rodrigo\/"},"uagb_comment_info":0,"uagb_excerpt":"Servicio verificaci\u00f3n en terreno de caudal\u00edmetros\u00a0 seg\u00fan la NCh 3205:2011 La verificaci\u00f3n por contrastaci\u00f3n se desarrolla realizando una comparaci\u00f3n de [&hellip;]","_links":{"self":[{"href":"https:\/\/vignolaingenieria.cl\/index.php\/wp-json\/wp\/v2\/pages\/476","targetHints":{"allow":["GET"]}}],"collection":[{"href":"https:\/\/vignolaingenieria.cl\/index.php\/wp-json\/wp\/v2\/pages"}],"about":[{"href":"https:\/\/vignolaingenieria.cl\/index.php\/wp-json\/wp\/v2\/types\/page"}],"author":[{"embeddable":true,"href":"https:\/\/vignolaingenieria.cl\/index.php\/wp-json\/wp\/v2\/users\/1"}],"replies":[{"embeddable":true,"href":"https:\/\/vignolaingenieria.cl\/index.php\/wp-json\/wp\/v2\/comments?post=476"}],"version-history":[{"count":2,"href":"https:\/\/vignolaingenieria.cl\/index.php\/wp-json\/wp\/v2\/pages\/476\/revisions"}],"predecessor-version":[{"id":493,"href":"https:\/\/vignolaingenieria.cl\/index.php\/wp-json\/wp\/v2\/pages\/476\/revisions\/493"}],"up":[{"embeddable":true,"href":"https:\/\/vignolaingenieria.cl\/index.php\/wp-json\/wp\/v2\/pages\/397"}],"wp:attachment":[{"href":"https:\/\/vignolaingenieria.cl\/index.php\/wp-json\/wp\/v2\/media?parent=476"}],"curies":[{"name":"wp","href":"https:\/\/api.w.org\/{rel}","templated":true}]}}