{"id":438,"date":"2023-10-16T12:31:53","date_gmt":"2023-10-16T15:31:53","guid":{"rendered":"https:\/\/vignolaingenieria.cl\/?page_id=438"},"modified":"2023-10-16T12:38:56","modified_gmt":"2023-10-16T15:38:56","slug":"servicios-de-calibracion-en-terreno-de-flujo-liquido","status":"publish","type":"page","link":"https:\/\/vignolaingenieria.cl\/index.php\/metrologia\/servicios-de-calibracion-en-terreno-de-flujo-liquido\/","title":{"rendered":"Servicios de calibraci\u00f3n en terreno de flujo l\u00edquido."},"content":{"rendered":"\n<div class=\"wp-block-uagb-container uagb-block-a6e36828 alignfull uagb-is-root-container\"><div class=\"uagb-container-inner-blocks-wrap\">\n<div class=\"wp-block-uagb-info-box uagb-block-191f60a5 uagb-infobox__content-wrap  uagb-infobox-icon-above-title uagb-infobox-image-valign-top\"><div class=\"uagb-ifb-content\"><div class=\"uagb-ifb-title-wrap\"><h1 class=\"uagb-ifb-title\"><mark style=\"background-color:rgba(0, 0, 0, 0)\" class=\"has-inline-color has-white-color\">Calibraci\u00f3n de flujo de 0,54 m\u00b3\/h a 60 m\u00b3\/h<\/mark><\/h1><\/div><div class=\"uagb-ifb-button-wrapper wp-block-button\"><a href=\"#\" class=\"uagb-infobox-cta-link wp-block-button__link\" target=\"_self\" rel=\"noopener noreferrer\" onclick=\"return false;\" alt=\"\"><span class=\"uagb-inline-editing\"><\/span><\/a><\/div><\/div><\/div>\n<\/div><\/div>\n\n\n\n<div id=\"about\" class=\"wp-block-uagb-container uagb-block-a8e32a1f alignfull uagb-is-root-container\"><div class=\"uagb-container-inner-blocks-wrap\">\n<div class=\"wp-block-uagb-container uagb-block-56d56c72\">\n<div class=\"wp-block-uagb-info-box uagb-block-efa2f0f7 uagb-infobox__content-wrap  uagb-infobox-icon-above-title uagb-infobox-image-valign-top\"><div class=\"uagb-ifb-content\"><div class=\"uagb-ifb-title-wrap\"><span class=\"uagb-ifb-title-prefix\">Calibraci\u00f3n de flujo de 0,54 m\u00b3\/h a 60 m\u00b3\/h<\/span><h2 class=\"uagb-ifb-title\">SERVICIOS DE CALIBRACI\u00d3N EN TERRENO DE FLUJO L\u00cdQUIDO.<\/h2><\/div><div class=\"uagb-ifb-separator\"><\/div><\/div><\/div>\n<\/div>\n\n\n\n<div class=\"wp-block-uagb-container uagb-block-e7381881\">\n<p>El banco de calibraci\u00f3n m\u00f3vil de VIGNOLA INGENIERIA, est\u00e1 dise\u00f1ado para simular un flujo constante y estable de agua potable a trav\u00e9s de un circuito cerrado entre dos carros. Unos de los carros comprende las bomba, un controlador de velocidad variable y un tanque de agua para generar el flujo de agua alrededor del circuito, el carro dos comprende los medidores de flujo de referencia y el medidor de flujo del cliente para la prueba. Todos los datos de medici\u00f3n son controlados por un PLC que tambi\u00e9n se usa para controlar el caudal y la generaci\u00f3n de un certificado de calibraci\u00f3n.<\/p>\n\n\n\n<div class=\"wp-block-uagb-advanced-heading uagb-block-ef9b4091\"><p class=\"uagb-desc-text\">El servicio de calibraci\u00f3n de flujo m\u00f3vil utiliza el m\u00e9todo de calibraci\u00f3n por comparaci\u00f3n. En este m\u00e9todo, el medidor de flujo bajo calibraci\u00f3n se instala en una tuber\u00eda aguas abajo de un medidor de flujo de referencia con trazabilidad. Una vez que el flujo de agua a trav\u00e9s de ambos medidores es estable, se inicia un temporizador y las salidas de ambos medidores se monitorean simult\u00e1neamente. Despu\u00e9s de un per\u00edodo establecido, el temporizador se detiene. El uso de los datos de la ejecuci\u00f3n de calibraci\u00f3n permite comparar el caudal promedio del medidor bajo prueba con el medidor maestro, siendo la diferencia el error.<\/p><\/div>\n<\/div>\n<\/div><\/div>\n\n\n\n<div class=\"wp-block-uagb-container uagb-block-c7b5b739 alignfull uagb-is-root-container\"><div class=\"uagb-container-inner-blocks-wrap\"><\/div><\/div>\n\n\n\n<div id=\"menu\" class=\"wp-block-uagb-container uagb-block-a131ce45 alignfull uagb-is-root-container\"><div class=\"uagb-container-inner-blocks-wrap\">\n<ul class=\"wp-block-list\">\n<li>Rango de calibraci\u00f3n: 0,54 m\u00b3\/h &nbsp;a 60 m\u00b3\/h.<\/li>\n\n\n\n<li>Di\u00e1metros de DN15 a DN100 (otros di\u00e1metros a consultar)<\/li>\n\n\n\n<li>M\u00e9todo de calibraci\u00f3n: Comparaci\u00f3n con un caudal\u00edmetro patr\u00f3n conectado en serie<\/li>\n\n\n\n<li>N\u00ba de puntos de calibraci\u00f3n: 5 puntos dentro del rango (otros puntos a consultar)<\/li>\n\n\n\n<li>Recursos utilizados: Caudal\u00edmetro patr\u00f3n coriolis SITRANS FCS300 siemens (High Performance) (precisi\u00f3n \u00b10,05%)<\/li>\n\n\n\n<li>Trazabilidad Metrol\u00f3gica: INMETRO<\/li>\n<\/ul>\n\n\n\n<div class=\"wp-block-uagb-container uagb-block-5c83c375\">\n<div class=\"wp-block-uagb-container uagb-block-afe9b1b8\">\n<div class=\"wp-block-uagb-info-box uagb-block-ffbf5be9 uagb-infobox__content-wrap  uagb-infobox-icon-above-title uagb-infobox-image-valign-top\"><div class=\"uagb-ifb-content\"><div class=\"uagb-ifb-image-content\"><img decoding=\"async\" src=\"http:\/\/vignolaingenieria.cl\/wp-content\/uploads\/2023\/10\/IMG-20220314-WA0019.jpg\" alt=\"\" width=\"\" height=\"0\" loading=\"lazy\"\/><\/div><div class=\"uagb-ifb-title-wrap\"><\/div><\/div><\/div>\n<\/div>\n\n\n\n<div class=\"wp-block-uagb-container uagb-block-508ad098\">\n<div class=\"wp-block-uagb-info-box uagb-block-2d94a61a uagb-infobox__content-wrap  uagb-infobox-icon-above-title uagb-infobox-image-valign-top\"><div class=\"uagb-ifb-content\"><div class=\"uagb-ifb-image-content\"><img decoding=\"async\" src=\"http:\/\/vignolaingenieria.cl\/wp-content\/uploads\/2023\/10\/2.jpg\" alt=\"\" width=\"\" height=\"0\" loading=\"lazy\"\/><\/div><div class=\"uagb-ifb-title-wrap\"><\/div><\/div><\/div>\n<\/div>\n\n\n\n<div class=\"wp-block-uagb-container uagb-block-b896ad9d\">\n<div class=\"wp-block-uagb-info-box uagb-block-48b33d00 uagb-infobox__content-wrap  uagb-infobox-icon-above-title uagb-infobox-image-valign-top\"><div class=\"uagb-ifb-content\"><div class=\"uagb-ifb-image-content\"><img decoding=\"async\" src=\"http:\/\/vignolaingenieria.cl\/wp-content\/uploads\/2023\/10\/Imagen-de-WhatsApp-2023-08-18-a-las-11.30.24.jpg\" alt=\"\" width=\"\" height=\"0\" loading=\"lazy\"\/><\/div><div class=\"uagb-ifb-title-wrap\"><\/div><\/div><\/div>\n<\/div>\n<\/div>\n\n\n\n<h2 class=\"wp-block-heading\">Instrumentos a calibrar.<\/h2>\n\n\n\n<ul class=\"wp-block-list\">\n<li>Calibraci\u00f3n caudal\u00edmetros electromagn\u00e9ticos.<\/li>\n\n\n\n<li>Calibraci\u00f3n caudal\u00edmetros m\u00e1sicos.&nbsp;<\/li>\n\n\n\n<li>Calibraci\u00f3n caudal\u00edmetros vortex.&nbsp;&nbsp;<\/li>\n\n\n\n<li>Calibraci\u00f3n caudal\u00edmetros m\u00e1sicos.&nbsp;<\/li>\n\n\n\n<li>Calibraci\u00f3n caudal\u00edmetros desplazamiento positivo y otros.<\/li>\n<\/ul>\n<\/div><\/div>\n\n\n\n<figure class=\"wp-block-image aligncenter size-large\"><img loading=\"lazy\" decoding=\"async\" width=\"1024\" height=\"254\" src=\"https:\/\/vignolaingenieria.cl\/wp-content\/uploads\/2023\/10\/tabla-2-1024x254.jpg\" alt=\"\" class=\"wp-image-473\" srcset=\"https:\/\/vignolaingenieria.cl\/wp-content\/uploads\/2023\/10\/tabla-2-1024x254.jpg 1024w, https:\/\/vignolaingenieria.cl\/wp-content\/uploads\/2023\/10\/tabla-2-300x74.jpg 300w, https:\/\/vignolaingenieria.cl\/wp-content\/uploads\/2023\/10\/tabla-2-768x190.jpg 768w, https:\/\/vignolaingenieria.cl\/wp-content\/uploads\/2023\/10\/tabla-2-1536x381.jpg 1536w, https:\/\/vignolaingenieria.cl\/wp-content\/uploads\/2023\/10\/tabla-2.jpg 1920w\" sizes=\"auto, (max-width: 1024px) 100vw, 1024px\" \/><\/figure>\n\n\n\n<figure class=\"wp-block-gallery has-nested-images columns-default is-cropped wp-block-gallery-1 is-layout-flex wp-block-gallery-is-layout-flex\">\n<figure class=\"wp-block-image size-large\"><img loading=\"lazy\" decoding=\"async\" width=\"1024\" height=\"766\" data-id=\"466\" src=\"https:\/\/vignolaingenieria.cl\/wp-content\/uploads\/2023\/10\/IMG-20220314-WA0016-copia-1024x766.jpg\" alt=\"\" class=\"wp-image-466\" srcset=\"https:\/\/vignolaingenieria.cl\/wp-content\/uploads\/2023\/10\/IMG-20220314-WA0016-copia-1024x766.jpg 1024w, https:\/\/vignolaingenieria.cl\/wp-content\/uploads\/2023\/10\/IMG-20220314-WA0016-copia-300x224.jpg 300w, https:\/\/vignolaingenieria.cl\/wp-content\/uploads\/2023\/10\/IMG-20220314-WA0016-copia-768x575.jpg 768w, https:\/\/vignolaingenieria.cl\/wp-content\/uploads\/2023\/10\/IMG-20220314-WA0016-copia-1536x1149.jpg 1536w, https:\/\/vignolaingenieria.cl\/wp-content\/uploads\/2023\/10\/IMG-20220314-WA0016-copia.jpg 1772w\" sizes=\"auto, (max-width: 1024px) 100vw, 1024px\" \/><\/figure>\n\n\n\n<figure class=\"wp-block-image size-large\"><img loading=\"lazy\" decoding=\"async\" width=\"1024\" height=\"766\" data-id=\"464\" src=\"https:\/\/vignolaingenieria.cl\/wp-content\/uploads\/2023\/10\/IMG-20220314-WA0020-copia-1024x766.jpg\" alt=\"\" class=\"wp-image-464\" srcset=\"https:\/\/vignolaingenieria.cl\/wp-content\/uploads\/2023\/10\/IMG-20220314-WA0020-copia-1024x766.jpg 1024w, https:\/\/vignolaingenieria.cl\/wp-content\/uploads\/2023\/10\/IMG-20220314-WA0020-copia-300x225.jpg 300w, https:\/\/vignolaingenieria.cl\/wp-content\/uploads\/2023\/10\/IMG-20220314-WA0020-copia-768x575.jpg 768w, https:\/\/vignolaingenieria.cl\/wp-content\/uploads\/2023\/10\/IMG-20220314-WA0020-copia.jpg 1280w\" sizes=\"auto, (max-width: 1024px) 100vw, 1024px\" \/><\/figure>\n\n\n\n<figure class=\"wp-block-image size-large\"><img loading=\"lazy\" decoding=\"async\" width=\"1024\" height=\"766\" data-id=\"465\" src=\"https:\/\/vignolaingenieria.cl\/wp-content\/uploads\/2023\/10\/IMG-20220314-WA0021-1024x766.jpg\" alt=\"\" class=\"wp-image-465\" srcset=\"https:\/\/vignolaingenieria.cl\/wp-content\/uploads\/2023\/10\/IMG-20220314-WA0021-1024x766.jpg 1024w, https:\/\/vignolaingenieria.cl\/wp-content\/uploads\/2023\/10\/IMG-20220314-WA0021-300x225.jpg 300w, https:\/\/vignolaingenieria.cl\/wp-content\/uploads\/2023\/10\/IMG-20220314-WA0021-768x575.jpg 768w, https:\/\/vignolaingenieria.cl\/wp-content\/uploads\/2023\/10\/IMG-20220314-WA0021.jpg 1280w\" sizes=\"auto, (max-width: 1024px) 100vw, 1024px\" \/><\/figure>\n\n\n\n<figure class=\"wp-block-image size-large\"><img loading=\"lazy\" decoding=\"async\" width=\"1024\" height=\"766\" data-id=\"469\" src=\"https:\/\/vignolaingenieria.cl\/wp-content\/uploads\/2023\/10\/IMG-20220314-WA0014-1024x766.jpg\" alt=\"\" class=\"wp-image-469\" srcset=\"https:\/\/vignolaingenieria.cl\/wp-content\/uploads\/2023\/10\/IMG-20220314-WA0014-1024x766.jpg 1024w, https:\/\/vignolaingenieria.cl\/wp-content\/uploads\/2023\/10\/IMG-20220314-WA0014-300x225.jpg 300w, https:\/\/vignolaingenieria.cl\/wp-content\/uploads\/2023\/10\/IMG-20220314-WA0014-768x575.jpg 768w, https:\/\/vignolaingenieria.cl\/wp-content\/uploads\/2023\/10\/IMG-20220314-WA0014.jpg 1280w\" sizes=\"auto, (max-width: 1024px) 100vw, 1024px\" \/><\/figure>\n<\/figure>\n","protected":false},"excerpt":{"rendered":"<p>El banco de calibraci\u00f3n m\u00f3vil de VIGNOLA INGENIERIA, est\u00e1 dise\u00f1ado para simular un flujo constante y estable de agua potable [&hellip;]<\/p>\n","protected":false},"author":1,"featured_media":0,"parent":397,"menu_order":0,"comment_status":"closed","ping_status":"closed","template":"","meta":{"_uag_custom_page_level_css":"","site-sidebar-layout":"default","site-content-layout":"","ast-site-content-layout":"default","site-content-style":"default","site-sidebar-style":"default","ast-global-header-display":"","ast-banner-title-visibility":"","ast-main-header-display":"","ast-hfb-above-header-display":"","ast-hfb-below-header-display":"","ast-hfb-mobile-header-display":"","site-post-title":"","ast-breadcrumbs-content":"","ast-featured-img":"","footer-sml-layout":"","theme-transparent-header-meta":"","adv-header-id-meta":"","stick-header-meta":"","header-above-stick-meta":"","header-main-stick-meta":"","header-below-stick-meta":"","astra-migrate-meta-layouts":"default","ast-page-background-enabled":"default","ast-page-background-meta":{"desktop":{"background-color":"var(--ast-global-color-5)","background-image":"","background-repeat":"repeat","background-position":"center center","background-size":"auto","background-attachment":"scroll","background-type":"","background-media":"","overlay-type":"","overlay-color":"","overlay-opacity":"","overlay-gradient":""},"tablet":{"background-color":"","background-image":"","background-repeat":"repeat","background-position":"center center","background-size":"auto","background-attachment":"scroll","background-type":"","background-media":"","overlay-type":"","overlay-color":"","overlay-opacity":"","overlay-gradient":""},"mobile":{"background-color":"","background-image":"","background-repeat":"repeat","background-position":"center center","background-size":"auto","background-attachment":"scroll","background-type":"","background-media":"","overlay-type":"","overlay-color":"","overlay-opacity":"","overlay-gradient":""}},"ast-content-background-meta":{"desktop":{"background-color":"var(--ast-global-color-4)","background-image":"","background-repeat":"repeat","background-position":"center center","background-size":"auto","background-attachment":"scroll","background-type":"","background-media":"","overlay-type":"","overlay-color":"","overlay-opacity":"","overlay-gradient":""},"tablet":{"background-color":"var(--ast-global-color-4)","background-image":"","background-repeat":"repeat","background-position":"center center","background-size":"auto","background-attachment":"scroll","background-type":"","background-media":"","overlay-type":"","overlay-color":"","overlay-opacity":"","overlay-gradient":""},"mobile":{"background-color":"var(--ast-global-color-4)","background-image":"","background-repeat":"repeat","background-position":"center center","background-size":"auto","background-attachment":"scroll","background-type":"","background-media":"","overlay-type":"","overlay-color":"","overlay-opacity":"","overlay-gradient":""}},"footnotes":""},"class_list":["post-438","page","type-page","status-publish","hentry"],"uagb_featured_image_src":{"full":false,"thumbnail":false,"medium":false,"medium_large":false,"large":false,"1536x1536":false,"2048x2048":false},"uagb_author_info":{"display_name":"Rodrigo","author_link":"https:\/\/vignolaingenieria.cl\/index.php\/author\/rodrigo\/"},"uagb_comment_info":0,"uagb_excerpt":"El banco de calibraci\u00f3n m\u00f3vil de VIGNOLA INGENIERIA, est\u00e1 dise\u00f1ado para simular un flujo constante y estable de agua potable [&hellip;]","_links":{"self":[{"href":"https:\/\/vignolaingenieria.cl\/index.php\/wp-json\/wp\/v2\/pages\/438","targetHints":{"allow":["GET"]}}],"collection":[{"href":"https:\/\/vignolaingenieria.cl\/index.php\/wp-json\/wp\/v2\/pages"}],"about":[{"href":"https:\/\/vignolaingenieria.cl\/index.php\/wp-json\/wp\/v2\/types\/page"}],"author":[{"embeddable":true,"href":"https:\/\/vignolaingenieria.cl\/index.php\/wp-json\/wp\/v2\/users\/1"}],"replies":[{"embeddable":true,"href":"https:\/\/vignolaingenieria.cl\/index.php\/wp-json\/wp\/v2\/comments?post=438"}],"version-history":[{"count":2,"href":"https:\/\/vignolaingenieria.cl\/index.php\/wp-json\/wp\/v2\/pages\/438\/revisions"}],"predecessor-version":[{"id":475,"href":"https:\/\/vignolaingenieria.cl\/index.php\/wp-json\/wp\/v2\/pages\/438\/revisions\/475"}],"up":[{"embeddable":true,"href":"https:\/\/vignolaingenieria.cl\/index.php\/wp-json\/wp\/v2\/pages\/397"}],"wp:attachment":[{"href":"https:\/\/vignolaingenieria.cl\/index.php\/wp-json\/wp\/v2\/media?parent=438"}],"curies":[{"name":"wp","href":"https:\/\/api.w.org\/{rel}","templated":true}]}}