{"id":397,"date":"2023-10-13T17:38:08","date_gmt":"2023-10-13T20:38:08","guid":{"rendered":"https:\/\/vignolaingenieria.cl\/?page_id=397"},"modified":"2025-10-07T16:48:25","modified_gmt":"2025-10-07T19:48:25","slug":"metrologia","status":"publish","type":"page","link":"https:\/\/vignolaingenieria.cl\/index.php\/metrologia\/","title":{"rendered":"Metrolog\u00eda"},"content":{"rendered":"\n<div class=\"wp-block-uagb-container uagb-block-b4bdb975 alignfull uagb-is-root-container\"><div class=\"uagb-container-inner-blocks-wrap\">\n<div class=\"wp-block-uagb-info-box uagb-block-3b7e0e21 uagb-infobox__content-wrap  uagb-infobox-icon-above-title uagb-infobox-image-valign-top\"><div class=\"uagb-ifb-content\"><div class=\"uagb-ifb-title-wrap\"><h1 class=\"uagb-ifb-title\"><mark style=\"background-color:rgba(0, 0, 0, 0)\" class=\"has-inline-color has-white-color\">SERVICIO DE CALIBRACI\u00d3N DE INSTRUMENTOS<\/mark><\/h1><\/div><div class=\"uagb-ifb-button-wrapper wp-block-button\"><a href=\"#\" class=\"uagb-infobox-cta-link wp-block-button__link\" target=\"_self\" rel=\"noopener noreferrer\" onclick=\"return false;\"><span class=\"uagb-inline-editing\">Learn More<\/span><\/a><\/div><\/div><\/div>\n\n\n\n<p><mark style=\"background-color:rgba(0, 0, 0, 0)\" class=\"has-inline-color has-white-color\">La Divisi\u00f3n Metrolog\u00eda de VIGNOLA INGENIERIA INDUSTRIAL LTDA. cuenta con dos \u00e1reas acreditadas por el INN para calibrar instrumentos seg\u00fan los requerimientos establecidos en la norma NCh-ISO 17025.Of2017 en las magnitudes de Presi\u00f3n y Temperatura, con los siguientes alcances.<\/mark><\/p>\n<\/div><\/div>\n\n\n\n<div class=\"wp-block-uagb-container uagb-block-gpx0zkrw alignfull uagb-is-root-container\"><div class=\"uagb-container-inner-blocks-wrap\">\n<div class=\"wp-block-uagb-container uagb-block-0hj5up7m\">\n<div class=\"wp-block-uagb-container uagb-block-pb9h7vai\">\n<div class=\"wp-block-uagb-info-box uagb-block-f1wckxaw uagb-infobox__content-wrap  uagb-infobox-icon-above-title uagb-infobox-image-valign-top\"><div class=\"uagb-ifb-content\"><div class=\"uagb-ifb-title-wrap\"><h3 class=\"uagb-ifb-title\">\u00bfQu\u00e9 es la calibraci\u00f3n?<\/h3><\/div><p class=\"uagb-ifb-desc\">Los \u201cinstrumentos de medici\u00f3n\u201d, tal como lo indica su nombre, sirven para medir, por ejemplo, un man\u00f3metro para la presi\u00f3n, o un term\u00f3metro para la temperatura, entre otros.<br>Vienen a ser los \u201cojos\u201d encargados de examinar el proceso de medici\u00f3n. Sin embargo, as\u00ed como no existe ning\u00fan ojo perfecto, tampoco hay un instrumento de medici\u00f3n de resultados inequ\u00edvocos. Es decir, todos est\u00e1n afectados por alg\u00fan nivel de error.<br>La calibraci\u00f3n es el procedimiento metrol\u00f3gico que determina con suficiente exactitud cu\u00e1l es el valor de los errores de los instrumentos de medici\u00f3n, en relaci\u00f3n a los requerimientos de tolerancia definidos en forma previa e informada por el usuario. Es muy importante que estos errores y su incertidumbre, satisfagan estos requerimientos.<br>Calibrar es tambi\u00e9n la acci\u00f3n de comparar lo que indica un instrumento y lo que deber\u00eda indicar de acuerdo a un patr\u00f3n de referencia con valor o dimensi\u00f3n conocida. As\u00ed, un instrumento calibrado, cuyo uso ha sido validado, es confiable.<br>Solo a trav\u00e9s de la calibraci\u00f3n de los equipos de medici\u00f3n respecto de patrones con trazabilidad, las empresas pueden asegurar la validez de sus mediciones. Por eso, todos los instrumentos de medici\u00f3n que afectan la calidad del producto final deben ser sometidos a calibraci\u00f3n, labor que debe realizar un laboratorio especializado.<br>\u201cEn aplicaciones cr\u00edticas, los costes de una situaci\u00f3n de fuera de tolerancia pueden ser muy altos (Rechazo del producto final), as\u00ed que es m\u00e1s seguro calibrar el instrumento con m\u00e1s frecuencia.\u201d<br>\u201cEl desatender la calibraci\u00f3n puede causar una parada imprevista de la producci\u00f3n o de maquinaria, problemas con la calidad de productos y procesos o incluso la retirada y refabricaci\u00f3n de productos\u201d<br>\u201cMediciones precisas pueden permitir un aumento de la producci\u00f3n y la seguridad de la planta (La seguridad del plan se basa en no superar nunca los par\u00e1metros de funcionamiento establecidos)\u201d<\/p><\/div><\/div>\n<\/div>\n\n\n\n<div class=\"wp-block-uagb-image alignleft uagb-block-334m8jra wp-block-uagb-image--layout-default wp-block-uagb-image--effect-static wp-block-uagb-image--align-left\"><figure class=\"wp-block-uagb-image__figure\"><img decoding=\"async\" srcset=\"https:\/\/vignolaingenieria.cl\/wp-content\/uploads\/2025\/10\/presion-1024x575.jpg ,https:\/\/vignolaingenieria.cl\/wp-content\/uploads\/2025\/10\/presion-scaled.jpg 780w, https:\/\/vignolaingenieria.cl\/wp-content\/uploads\/2025\/10\/presion-scaled.jpg 360w\" sizes=\"auto, (max-width: 480px) 150px\" src=\"https:\/\/vignolaingenieria.cl\/wp-content\/uploads\/2025\/10\/presion-1024x575.jpg\" alt=\"\" class=\"uag-image-794\" width=\"564\" height=\"400\" title=\"presion\" loading=\"lazy\" role=\"img\"\/><\/figure><\/div>\n<\/div>\n\n\n\n<div class=\"wp-block-uagb-info-box uagb-block-gyjeb2yg uagb-infobox__content-wrap  uagb-infobox-icon-above-title uagb-infobox-image-valign-top\"><div class=\"uagb-ifb-content\"><div class=\"uagb-ifb-title-wrap\"><h2 class=\"uagb-ifb-title\">\u00bfCu\u00e1ndo debo de calibrar?<\/h2><\/div><p class=\"uagb-ifb-desc\">La frecuencia de calibraci\u00f3n de cualquier instrumento de medici\u00f3n depende b\u00e1sicamente de su robustez frente a las condiciones de uso a las cuales est\u00e1 sometido, lo que solo puede ser definido por el usuario. En t\u00e9rminos generales, estas frecuencias fluct\u00faan entre los 6 y 24 meses. Tener un instrumento calibrado no significa que funcione \u201cbien\u201d: solo quiere decir que conocemos la diferencia entre lo que el instrumento indica y \u201clo que debiera indicar\u201d, lo que queda establecido en el certificado de calibraci\u00f3n.<\/p><\/div><\/div>\n<\/div><\/div>\n","protected":false},"excerpt":{"rendered":"<p>La Divisi\u00f3n Metrolog\u00eda de VIGNOLA INGENIERIA INDUSTRIAL LTDA. cuenta con dos \u00e1reas acreditadas por el INN para calibrar instrumentos seg\u00fan [&hellip;]<\/p>\n","protected":false},"author":1,"featured_media":0,"parent":0,"menu_order":0,"comment_status":"closed","ping_status":"closed","template":"","meta":{"_uag_custom_page_level_css":"","site-sidebar-layout":"default","site-content-layout":"","ast-site-content-layout":"default","site-content-style":"default","site-sidebar-style":"default","ast-global-header-display":"","ast-banner-title-visibility":"","ast-main-header-display":"","ast-hfb-above-header-display":"","ast-hfb-below-header-display":"","ast-hfb-mobile-header-display":"","site-post-title":"","ast-breadcrumbs-content":"","ast-featured-img":"","footer-sml-layout":"","theme-transparent-header-meta":"","adv-header-id-meta":"","stick-header-meta":"","header-above-stick-meta":"","header-main-stick-meta":"","header-below-stick-meta":"","astra-migrate-meta-layouts":"default","ast-page-background-enabled":"default","ast-page-background-meta":{"desktop":{"background-color":"var(--ast-global-color-5)","background-image":"","background-repeat":"repeat","background-position":"center center","background-size":"auto","background-attachment":"scroll","background-type":"","background-media":"","overlay-type":"","overlay-color":"","overlay-opacity":"","overlay-gradient":""},"tablet":{"background-color":"","background-image":"","background-repeat":"repeat","background-position":"center center","background-size":"auto","background-attachment":"scroll","background-type":"","background-media":"","overlay-type":"","overlay-color":"","overlay-opacity":"","overlay-gradient":""},"mobile":{"background-color":"","background-image":"","background-repeat":"repeat","background-position":"center center","background-size":"auto","background-attachment":"scroll","background-type":"","background-media":"","overlay-type":"","overlay-color":"","overlay-opacity":"","overlay-gradient":""}},"ast-content-background-meta":{"desktop":{"background-color":"var(--ast-global-color-4)","background-image":"","background-repeat":"repeat","background-position":"center center","background-size":"auto","background-attachment":"scroll","background-type":"","background-media":"","overlay-type":"","overlay-color":"","overlay-opacity":"","overlay-gradient":""},"tablet":{"background-color":"var(--ast-global-color-4)","background-image":"","background-repeat":"repeat","background-position":"center center","background-size":"auto","background-attachment":"scroll","background-type":"","background-media":"","overlay-type":"","overlay-color":"","overlay-opacity":"","overlay-gradient":""},"mobile":{"background-color":"var(--ast-global-color-4)","background-image":"","background-repeat":"repeat","background-position":"center center","background-size":"auto","background-attachment":"scroll","background-type":"","background-media":"","overlay-type":"","overlay-color":"","overlay-opacity":"","overlay-gradient":""}},"footnotes":""},"class_list":["post-397","page","type-page","status-publish","hentry"],"uagb_featured_image_src":{"full":false,"thumbnail":false,"medium":false,"medium_large":false,"large":false,"1536x1536":false,"2048x2048":false},"uagb_author_info":{"display_name":"Rodrigo","author_link":"https:\/\/vignolaingenieria.cl\/index.php\/author\/rodrigo\/"},"uagb_comment_info":0,"uagb_excerpt":"La Divisi\u00f3n Metrolog\u00eda de VIGNOLA INGENIERIA INDUSTRIAL LTDA. cuenta con dos \u00e1reas acreditadas por el INN para calibrar instrumentos seg\u00fan [&hellip;]","_links":{"self":[{"href":"https:\/\/vignolaingenieria.cl\/index.php\/wp-json\/wp\/v2\/pages\/397","targetHints":{"allow":["GET"]}}],"collection":[{"href":"https:\/\/vignolaingenieria.cl\/index.php\/wp-json\/wp\/v2\/pages"}],"about":[{"href":"https:\/\/vignolaingenieria.cl\/index.php\/wp-json\/wp\/v2\/types\/page"}],"author":[{"embeddable":true,"href":"https:\/\/vignolaingenieria.cl\/index.php\/wp-json\/wp\/v2\/users\/1"}],"replies":[{"embeddable":true,"href":"https:\/\/vignolaingenieria.cl\/index.php\/wp-json\/wp\/v2\/comments?post=397"}],"version-history":[{"count":5,"href":"https:\/\/vignolaingenieria.cl\/index.php\/wp-json\/wp\/v2\/pages\/397\/revisions"}],"predecessor-version":[{"id":796,"href":"https:\/\/vignolaingenieria.cl\/index.php\/wp-json\/wp\/v2\/pages\/397\/revisions\/796"}],"wp:attachment":[{"href":"https:\/\/vignolaingenieria.cl\/index.php\/wp-json\/wp\/v2\/media?parent=397"}],"curies":[{"name":"wp","href":"https:\/\/api.w.org\/{rel}","templated":true}]}}