{"id":352,"date":"2023-10-13T12:39:42","date_gmt":"2023-10-13T15:39:42","guid":{"rendered":"https:\/\/vignolaingenieria.cl\/?page_id=352"},"modified":"2023-10-13T12:56:01","modified_gmt":"2023-10-13T15:56:01","slug":"ensayos-no-destructivos-avanzados","status":"publish","type":"page","link":"https:\/\/vignolaingenieria.cl\/index.php\/338-2\/ensayos-no-destructivos-avanzados\/","title":{"rendered":"Ensayos no destructivos avanzados"},"content":{"rendered":"\n<p><\/p>\n\n\n\n<div class=\"wp-block-uagb-container uagb-block-aa1ed235 alignfull uagb-is-root-container\"><div class=\"uagb-container-inner-blocks-wrap\">\n<div class=\"wp-block-uagb-container uagb-block-b1500b0c\">\n<div class=\"wp-block-cover is-light\" style=\"min-height:571px;aspect-ratio:unset;\"><span aria-hidden=\"true\" class=\"wp-block-cover__background has-background-dim\"><\/span><img loading=\"lazy\" decoding=\"async\" width=\"850\" height=\"550\" class=\"wp-block-cover__image-background wp-image-359\" alt=\"\" src=\"http:\/\/vignolaingenieria.cl\/wp-content\/uploads\/2023\/10\/pahsed-a-1.jpg\" style=\"object-position:33% 56%\" data-object-fit=\"cover\" data-object-position=\"33% 56%\" srcset=\"https:\/\/vignolaingenieria.cl\/wp-content\/uploads\/2023\/10\/pahsed-a-1.jpg 850w, https:\/\/vignolaingenieria.cl\/wp-content\/uploads\/2023\/10\/pahsed-a-1-300x194.jpg 300w, https:\/\/vignolaingenieria.cl\/wp-content\/uploads\/2023\/10\/pahsed-a-1-768x497.jpg 768w\" sizes=\"auto, (max-width: 850px) 100vw, 850px\" \/><div class=\"wp-block-cover__inner-container is-layout-constrained wp-block-cover-is-layout-constrained\">\n<p class=\"has-text-align-center has-large-font-size\"><\/p>\n<\/div><\/div>\n<\/div>\n\n\n\n<div class=\"wp-block-uagb-container uagb-block-8799a343\">\n<div class=\"wp-block-uagb-info-box uagb-block-4ba5e873 uagb-infobox__content-wrap  uagb-infobox-icon-above-title uagb-infobox-image-valign-top\"><div class=\"uagb-ifb-content\"><div class=\"uagb-ifb-title-wrap\"><h2 class=\"uagb-ifb-title\">Ensayos ultrasonicos por PHASED ARRAY<\/h2><\/div><p class=\"uagb-ifb-desc\">Nam libero tempore, cum soluta nobis est eligendi optio cumque nihil impedit quo minus id quod maxime placeat facere possimus, omnis voluptas assumenda est, omnis dolor repellendus. Temporibus autem quibusdam et aut officiis.<\/p><div class=\"uagb-ifb-button-wrapper wp-block-button\"><a href=\"#\" class=\"uagb-infobox-cta-link wp-block-button__link\" target=\"_self\" rel=\"noopener noreferrer\" onclick=\"return false;\" alt=\"\"><span class=\"uagb-inline-editing\"><\/span><\/a><\/div><\/div><\/div>\n\n\n\n<div class=\"wp-block-uagb-container uagb-block-a52b40dc\">\n<div class=\"wp-block-uagb-container uagb-block-e4f139ba\">\n<ul class=\"wp-block-list\">\n<li>Permite dejar registro de un ensayo, pudiendo la imagen ser analizada con posterioridad.<\/li>\n\n\n\n<li>Permite a focalizaci\u00f3n de la se\u00f1al en puntos de inter\u00e9s.<\/li>\n\n\n\n<li>Sensibilidad superior a un ensayo radiogr\u00e1fico<\/li>\n\n\n\n<li>Velocidad de barrido alto<\/li>\n\n\n\n<li>Se eliminan los riesgos<\/li>\n<\/ul>\n<\/div>\n<\/div>\n<\/div>\n<\/div><\/div>\n\n\n\n<div class=\"wp-block-uagb-container uagb-block-fe184928 alignfull uagb-is-root-container\"><div class=\"uagb-container-inner-blocks-wrap\">\n<div class=\"wp-block-uagb-container uagb-block-47a9cbac\">\n<div class=\"wp-block-cover has-custom-content-position is-position-center-left\" style=\"min-height:100vh;aspect-ratio:unset;\"><span aria-hidden=\"true\" class=\"wp-block-cover__background has-background-dim\"><\/span><img loading=\"lazy\" decoding=\"async\" width=\"850\" height=\"550\" class=\"wp-block-cover__image-background wp-image-363\" alt=\"\" src=\"http:\/\/vignolaingenieria.cl\/wp-content\/uploads\/2023\/10\/escaner-b-1.jpg\" style=\"object-position:29% 33%\" data-object-fit=\"cover\" data-object-position=\"29% 33%\" srcset=\"https:\/\/vignolaingenieria.cl\/wp-content\/uploads\/2023\/10\/escaner-b-1.jpg 850w, https:\/\/vignolaingenieria.cl\/wp-content\/uploads\/2023\/10\/escaner-b-1-300x194.jpg 300w, https:\/\/vignolaingenieria.cl\/wp-content\/uploads\/2023\/10\/escaner-b-1-768x497.jpg 768w\" sizes=\"auto, (max-width: 850px) 100vw, 850px\" \/><div class=\"wp-block-cover__inner-container is-layout-constrained wp-block-cover-is-layout-constrained\">\n<p class=\"has-text-align-center has-large-font-size\"><\/p>\n<\/div><\/div>\n<\/div>\n\n\n\n<div class=\"wp-block-uagb-container uagb-block-ef260907\">\n<div class=\"wp-block-uagb-info-box uagb-block-dd5c56ed uagb-infobox__content-wrap  uagb-infobox-icon-above-title uagb-infobox-image-valign-top\"><div class=\"uagb-ifb-content\"><div class=\"uagb-ifb-title-wrap\"><h2 class=\"uagb-ifb-title\">Escaner para pisos de estanques MFL (LFET)<\/h2><\/div><p class=\"uagb-ifb-desc\">Es un m\u00e9todo de ensayo que permite esc\u00e1ner planchas de pisos de estanques verticales, detectando corrosi\u00f3n, tanto interna como externa, producida por la acci\u00f3n ambiental como tambi\u00e9n por las condiciones de operaci\u00f3n del estanque. Este m\u00e9todo es un sistema que tiene su funcionamiento por la variaci\u00f3n del flujo magn\u00e9tico que viaja por el espesor de la plancha y que es modificada por las variaciones producidas por acci\u00f3n de la corrosi\u00f3n. Es un sistema que esta considerado dentro de las principales Normas internacionales para la inspecci\u00f3n de pisos de estanques.<br>API 653 &#8211; Tank Inspection, Repair, Alteration, and Reconstruction<br>NACE RP 0294 &#8211; Design, Fabrication, and Inspection of Tanks for the Storage of Concentrated Sulfuric Acid and Oleum at Ambient Temperatures.<\/p><div class=\"uagb-ifb-button-wrapper wp-block-button\"><a href=\"#\" class=\"uagb-infobox-cta-link wp-block-button__link\" target=\"_self\" rel=\"noopener noreferrer\" onclick=\"return false;\" alt=\"\"><span class=\"uagb-inline-editing\"><\/span><\/a><\/div><\/div><\/div>\n\n\n\n<div class=\"wp-block-uagb-container uagb-block-e284cf64\">\n<div class=\"wp-block-uagb-container uagb-block-57d37e2f\">\n<ul class=\"wp-block-list\">\n<li>Aplicable a pisos ferromagn\u00e9ticos<\/li>\n\n\n\n<li>Aplicable para Espesores de 4 a 19mm<\/li>\n\n\n\n<li>Permite aplicar el ensayo en pisos con recubrimiento de hasta 6mm<\/li>\n\n\n\n<li>Velocidad de escaneo de 300mm\/s<\/li>\n\n\n\n<li>Permite conocer si la corrosi\u00f3n es interna o externa<\/li>\n\n\n\n<li>El uso de bobinas elimina las indicaciones falsas por acci\u00f3n de acumulaci\u00f3n de elementos tales como; elementos met\u00e1licos, adhesi\u00f3n de laminillas de corrosi\u00f3n, perlillas, etc.<\/li>\n<\/ul>\n<\/div>\n<\/div>\n<\/div>\n<\/div><\/div>\n\n\n\n<div class=\"wp-block-uagb-container uagb-block-63075c9b alignfull uagb-is-root-container\"><div class=\"uagb-container-inner-blocks-wrap\">\n<div class=\"wp-block-uagb-container uagb-block-30759cc1\">\n<div class=\"wp-block-cover\" style=\"min-height:729px;aspect-ratio:unset;\"><span aria-hidden=\"true\" class=\"wp-block-cover__background has-background-dim\"><\/span><img loading=\"lazy\" decoding=\"async\" width=\"850\" height=\"550\" class=\"wp-block-cover__image-background wp-image-365\" alt=\"\" src=\"http:\/\/vignolaingenieria.cl\/wp-content\/uploads\/2023\/10\/ondas-c-1.jpg\" data-object-fit=\"cover\" srcset=\"https:\/\/vignolaingenieria.cl\/wp-content\/uploads\/2023\/10\/ondas-c-1.jpg 850w, https:\/\/vignolaingenieria.cl\/wp-content\/uploads\/2023\/10\/ondas-c-1-300x194.jpg 300w, https:\/\/vignolaingenieria.cl\/wp-content\/uploads\/2023\/10\/ondas-c-1-768x497.jpg 768w\" sizes=\"auto, (max-width: 850px) 100vw, 850px\" \/><div class=\"wp-block-cover__inner-container is-layout-constrained wp-block-cover-is-layout-constrained\">\n<p class=\"has-text-align-center has-large-font-size\"><\/p>\n<\/div><\/div>\n<\/div>\n\n\n\n<div class=\"wp-block-uagb-container uagb-block-ce40c749\">\n<div class=\"wp-block-uagb-info-box uagb-block-d7db29db uagb-infobox__content-wrap  uagb-infobox-icon-above-title uagb-infobox-image-valign-top\"><div class=\"uagb-ifb-content\"><div class=\"uagb-ifb-title-wrap\"><h2 class=\"uagb-ifb-title\">Ondas Guiadas De Largo Alcance &#8211; LRUT<\/h2><\/div><p class=\"uagb-ifb-desc\">Es un tipo de ensayo no convencional, que por la emisi\u00f3n de se\u00f1ales ultras\u00f3nicas de baja frecuencia, permite conocer las p\u00e9rdidas de secci\u00f3n transversal por acci\u00f3n de; corrosi\u00f3n, erosi\u00f3n, da\u00f1os, etc., que pueden ubicarse en la cara externa como interna de la pared de la ca\u00f1er\u00eda.<br>Permite realizar en ensayo desde un solo punto, generando se\u00f1ales ultras\u00f3nicas en ambos sentidos de la ubicaci\u00f3n del collar emisor.<\/p><div class=\"uagb-ifb-button-wrapper wp-block-button\"><a href=\"#\" class=\"uagb-infobox-cta-link wp-block-button__link\" target=\"_self\" rel=\"noopener noreferrer\" onclick=\"return false;\" alt=\"\"><span class=\"uagb-inline-editing\"><\/span><\/a><\/div><\/div><\/div>\n\n\n\n<div class=\"wp-block-uagb-container uagb-block-ec792910\">\n<div class=\"wp-block-uagb-container uagb-block-aa830f0f\">\n<ul class=\"wp-block-list\">\n<li>Aplicable a di\u00e1metros desde 1,5\u201d a 24\u201d, mayores di\u00e1metros deben ser consultados<\/li>\n\n\n\n<li>Cubre el 100% del per\u00edmetro y de la longitud de ensayo<\/li>\n\n\n\n<li>Rango de Ensayo : A\u00e9reo (condiciones ideales), hasta 100m<br>: Subterr\u00e1neo, normalmente 15m<\/li>\n\n\n\n<li>Sensibilidad del ensayo, detecci\u00f3n de un 9% de p\u00e9rdida de secci\u00f3n transversal. Se puede obtener una mayor sensibilidad cuando las condiciones de la l\u00edneas son \u00f3ptimas (Ej: a\u00e9reas, inoxidables, conducci\u00f3n de gas)<\/li>\n\n\n\n<li>Ideal para detecci\u00f3n de corrosi\u00f3n bajo aislaci\u00f3n t\u00e9rmica( CUI \u2013 Corrosi\u00f3n Under Insulati\u00f3n)<\/li>\n\n\n\n<li>Ideal para tramos, sin acceso o con acceso limitado, (cruces de camino, tramos a\u00e9reos)<\/li>\n<\/ul>\n<\/div>\n<\/div>\n<\/div>\n<\/div><\/div>\n","protected":false},"excerpt":{"rendered":"","protected":false},"author":1,"featured_media":0,"parent":338,"menu_order":0,"comment_status":"closed","ping_status":"closed","template":"","meta":{"_uag_custom_page_level_css":"","site-sidebar-layout":"default","site-content-layout":"","ast-site-content-layout":"default","site-content-style":"default","site-sidebar-style":"default","ast-global-header-display":"","ast-banner-title-visibility":"","ast-main-header-display":"","ast-hfb-above-header-display":"","ast-hfb-below-header-display":"","ast-hfb-mobile-header-display":"","site-post-title":"","ast-breadcrumbs-content":"","ast-featured-img":"","footer-sml-layout":"","theme-transparent-header-meta":"","adv-header-id-meta":"","stick-header-meta":"","header-above-stick-meta":"","header-main-stick-meta":"","header-below-stick-meta":"","astra-migrate-meta-layouts":"default","ast-page-background-enabled":"default","ast-page-background-meta":{"desktop":{"background-color":"var(--ast-global-color-5)","background-image":"","background-repeat":"repeat","background-position":"center center","background-size":"auto","background-attachment":"scroll","background-type":"","background-media":"","overlay-type":"","overlay-color":"","overlay-opacity":"","overlay-gradient":""},"tablet":{"background-color":"","background-image":"","background-repeat":"repeat","background-position":"center center","background-size":"auto","background-attachment":"scroll","background-type":"","background-media":"","overlay-type":"","overlay-color":"","overlay-opacity":"","overlay-gradient":""},"mobile":{"background-color":"","background-image":"","background-repeat":"repeat","background-position":"center center","background-size":"auto","background-attachment":"scroll","background-type":"","background-media":"","overlay-type":"","overlay-color":"","overlay-opacity":"","overlay-gradient":""}},"ast-content-background-meta":{"desktop":{"background-color":"var(--ast-global-color-4)","background-image":"","background-repeat":"repeat","background-position":"center center","background-size":"auto","background-attachment":"scroll","background-type":"","background-media":"","overlay-type":"","overlay-color":"","overlay-opacity":"","overlay-gradient":""},"tablet":{"background-color":"var(--ast-global-color-4)","background-image":"","background-repeat":"repeat","background-position":"center center","background-size":"auto","background-attachment":"scroll","background-type":"","background-media":"","overlay-type":"","overlay-color":"","overlay-opacity":"","overlay-gradient":""},"mobile":{"background-color":"var(--ast-global-color-4)","background-image":"","background-repeat":"repeat","background-position":"center center","background-size":"auto","background-attachment":"scroll","background-type":"","background-media":"","overlay-type":"","overlay-color":"","overlay-opacity":"","overlay-gradient":""}},"footnotes":""},"class_list":["post-352","page","type-page","status-publish","hentry"],"uagb_featured_image_src":{"full":false,"thumbnail":false,"medium":false,"medium_large":false,"large":false,"1536x1536":false,"2048x2048":false},"uagb_author_info":{"display_name":"Rodrigo","author_link":"https:\/\/vignolaingenieria.cl\/index.php\/author\/rodrigo\/"},"uagb_comment_info":0,"uagb_excerpt":null,"_links":{"self":[{"href":"https:\/\/vignolaingenieria.cl\/index.php\/wp-json\/wp\/v2\/pages\/352","targetHints":{"allow":["GET"]}}],"collection":[{"href":"https:\/\/vignolaingenieria.cl\/index.php\/wp-json\/wp\/v2\/pages"}],"about":[{"href":"https:\/\/vignolaingenieria.cl\/index.php\/wp-json\/wp\/v2\/types\/page"}],"author":[{"embeddable":true,"href":"https:\/\/vignolaingenieria.cl\/index.php\/wp-json\/wp\/v2\/users\/1"}],"replies":[{"embeddable":true,"href":"https:\/\/vignolaingenieria.cl\/index.php\/wp-json\/wp\/v2\/comments?post=352"}],"version-history":[{"count":8,"href":"https:\/\/vignolaingenieria.cl\/index.php\/wp-json\/wp\/v2\/pages\/352\/revisions"}],"predecessor-version":[{"id":373,"href":"https:\/\/vignolaingenieria.cl\/index.php\/wp-json\/wp\/v2\/pages\/352\/revisions\/373"}],"up":[{"embeddable":true,"href":"https:\/\/vignolaingenieria.cl\/index.php\/wp-json\/wp\/v2\/pages\/338"}],"wp:attachment":[{"href":"https:\/\/vignolaingenieria.cl\/index.php\/wp-json\/wp\/v2\/media?parent=352"}],"curies":[{"name":"wp","href":"https:\/\/api.w.org\/{rel}","templated":true}]}}