{"id":324,"date":"2023-10-13T11:53:51","date_gmt":"2023-10-13T14:53:51","guid":{"rendered":"https:\/\/vignolaingenieria.cl\/?page_id=324"},"modified":"2025-10-09T17:19:38","modified_gmt":"2025-10-09T20:19:38","slug":"politicas","status":"publish","type":"page","link":"https:\/\/vignolaingenieria.cl\/index.php\/politicas\/","title":{"rendered":"Pol\u00edticas"},"content":{"rendered":"\n<div class=\"wp-block-uagb-container uagb-block-tsbqut16 alignfull uagb-is-root-container\"><div class=\"uagb-container-inner-blocks-wrap\">\n<div class=\"wp-block-uagb-info-box uagb-block-jurjucke uagb-infobox__content-wrap  uagb-infobox-icon-above-title uagb-infobox-image-valign-top\"><div class=\"uagb-ifb-content\"><div class=\"uagb-ifb-title-wrap\"><h1 class=\"uagb-ifb-title\">Pol\u00edticas<\/h1><\/div><\/div><\/div>\n\n\n\n<div class=\"wp-block-uagb-info-box uagb-block-wawnzydr uagb-infobox__content-wrap  uagb-infobox-icon-above-title uagb-infobox-image-valign-top\"><div class=\"uagb-ifb-content\"><div class=\"uagb-ifb-title-wrap\"><\/div><\/div><\/div>\n<\/div><\/div>\n\n\n\n<p><\/p>\n\n\n\n<div class=\"wp-block-uagb-container uagb-block-dhnpv5bu alignfull uagb-is-root-container\"><div class=\"uagb-container-inner-blocks-wrap\">\n<div class=\"wp-block-uagb-container uagb-block-lsikwtl3\">\n<div class=\"wp-block-uagb-info-box uagb-block-71t2ptte uagb-infobox__content-wrap  uagb-infobox-icon-above-title uagb-infobox-image-valign-top\"><div class=\"uagb-ifb-content\"><div class=\"uagb-ifb-title-wrap\"><h1 class=\"uagb-ifb-title\">Pol\u00edtica &nbsp;de Sistema de Gesti\u00f3n Integrado de Acreditaci\u00f3n bajo NCh-ISO 17025:2017 | NCh-ISO 17020:2012<\/h1><\/div><p class=\"uagb-ifb-desc\">Descargue el archivo PDF en el siguiente link<\/p><\/div><\/div>\n\n\n\n<div class=\"wp-block-buttons is-layout-flex wp-block-buttons-is-layout-flex\">\n<div class=\"wp-block-button\"><a class=\"wp-block-button__link wp-element-button\" href=\"http:\/\/vignolaingenieria.cl\/wp-content\/uploads\/2025\/10\/D-GES-02-00.v16-Politica-SGI-Acreditacion-17025-17020-2022-11.pdf\">Descargar<\/a><\/div>\n<\/div>\n<\/div>\n\n\n\n<div class=\"wp-block-uagb-image aligncenter uagb-block-vzpu021a wp-block-uagb-image--layout-default wp-block-uagb-image--effect-static wp-block-uagb-image--align-center alignleft\"><figure class=\"wp-block-uagb-image__figure\"><img decoding=\"async\" srcset=\"https:\/\/vignolaingenieria.cl\/wp-content\/uploads\/2025\/10\/D-GES-02-00.v16-Politica-SGI-Acreditacion-17025-17020-2022-11-01-791x1024.jpg ,https:\/\/vignolaingenieria.cl\/wp-content\/uploads\/2025\/10\/D-GES-02-00.v16-Politica-SGI-Acreditacion-17025-17020-2022-11-01.jpg 780w, https:\/\/vignolaingenieria.cl\/wp-content\/uploads\/2025\/10\/D-GES-02-00.v16-Politica-SGI-Acreditacion-17025-17020-2022-11-01.jpg 360w\" sizes=\"auto, (max-width: 480px) 150px\" src=\"https:\/\/vignolaingenieria.cl\/wp-content\/uploads\/2025\/10\/D-GES-02-00.v16-Politica-SGI-Acreditacion-17025-17020-2022-11-01-791x1024.jpg\" alt=\"\" class=\"uag-image-803\" width=\"490\" height=\"600\" title=\"D-GES-02-00.v16 Politica SGI Acreditacion 17025-17020 [2022-11]-01\" loading=\"lazy\" role=\"img\"\/><\/figure><\/div>\n<\/div><\/div>\n\n\n\n<div class=\"wp-block-uagb-container uagb-block-05d2ac86 alignfull uagb-is-root-container\"><div class=\"uagb-container-inner-blocks-wrap\">\n<div class=\"wp-block-uagb-container uagb-block-3c877f99\">\n<div class=\"wp-block-uagb-info-box uagb-block-d0668bb3 uagb-infobox__content-wrap  uagb-infobox-icon-above-title uagb-infobox-image-valign-top\"><div class=\"uagb-ifb-content\"><div class=\"uagb-ifb-title-wrap\"><h1 class=\"uagb-ifb-title\">Pol\u00edtica de Sistemas de Gesti\u00f3n Integrados de Certificaci\u00f3n bajo ISO 9001 : 2015 | ISO 14001 : 2015 | ISO 45001 : 2018<\/h1><\/div><p class=\"uagb-ifb-desc\">Descargue el archivo PDF en el siguiente link<\/p><\/div><\/div>\n\n\n\n<div class=\"wp-block-buttons is-layout-flex wp-block-buttons-is-layout-flex\">\n<div class=\"wp-block-button\"><a class=\"wp-block-button__link wp-element-button\" href=\"http:\/\/vignolaingenieria.cl\/wp-content\/uploads\/2025\/10\/D-GES-02-01.v00-Politica-SGI-Certificacion-VII-2019-05.pdf\">Descargar<\/a><\/div>\n<\/div>\n<\/div>\n\n\n\n<div class=\"wp-block-uagb-image aligncenter uagb-block-a40b78af wp-block-uagb-image--layout-default wp-block-uagb-image--effect-static wp-block-uagb-image--align-center alignleft\"><figure class=\"wp-block-uagb-image__figure\"><img decoding=\"async\" srcset=\"https:\/\/vignolaingenieria.cl\/wp-content\/uploads\/2025\/10\/D-GES-02-01.v00-Politica-SGI-Certificacion-VII-2019-05-01-791x1024.jpg ,https:\/\/vignolaingenieria.cl\/wp-content\/uploads\/2025\/10\/D-GES-02-01.v00-Politica-SGI-Certificacion-VII-2019-05-01.jpg 780w, https:\/\/vignolaingenieria.cl\/wp-content\/uploads\/2025\/10\/D-GES-02-01.v00-Politica-SGI-Certificacion-VII-2019-05-01.jpg 360w\" sizes=\"auto, (max-width: 480px) 150px\" src=\"https:\/\/vignolaingenieria.cl\/wp-content\/uploads\/2025\/10\/D-GES-02-01.v00-Politica-SGI-Certificacion-VII-2019-05-01-791x1024.jpg\" alt=\"\" class=\"uag-image-808\" width=\"490\" height=\"600\" title=\"D-GES-02-01.v00 Politica SGI Certificacion VII [2019-05]-01\" loading=\"lazy\" role=\"img\"\/><\/figure><\/div>\n<\/div><\/div>\n\n\n\n<div class=\"wp-block-uagb-container uagb-block-8b4375a3 alignfull uagb-is-root-container\"><div class=\"uagb-container-inner-blocks-wrap\">\n<div class=\"wp-block-uagb-container uagb-block-8600c5b5\">\n<div class=\"wp-block-uagb-info-box uagb-block-ea4a1134 uagb-infobox__content-wrap  uagb-infobox-icon-above-title uagb-infobox-image-valign-top\"><div class=\"uagb-ifb-content\"><div class=\"uagb-ifb-title-wrap\"><h1 class=\"uagb-ifb-title\">Pol\u00edtica Confidencialidad e Imparcialidad<\/h1><\/div><p class=\"uagb-ifb-desc\">Descargue el archivo PDF en el siguiente link<\/p><\/div><\/div>\n\n\n\n<div class=\"wp-block-buttons is-layout-flex wp-block-buttons-is-layout-flex\">\n<div class=\"wp-block-button\"><a class=\"wp-block-button__link wp-element-button\" href=\"http:\/\/vignolaingenieria.cl\/wp-content\/uploads\/2025\/10\/D-GES-02-04.v01-Politica-Conf-e-Imp-17025-2020-01.pdf\">Descargar<\/a><\/div>\n<\/div>\n<\/div>\n\n\n\n<div class=\"wp-block-uagb-image aligncenter uagb-block-0240e07b wp-block-uagb-image--layout-default wp-block-uagb-image--effect-static wp-block-uagb-image--align-center alignleft\"><figure class=\"wp-block-uagb-image__figure\"><img decoding=\"async\" srcset=\"https:\/\/vignolaingenieria.cl\/wp-content\/uploads\/2025\/10\/D-GES-02-04.v01-Politica-Conf-e-Imp-17025-2020-01-01-791x1024.jpg ,https:\/\/vignolaingenieria.cl\/wp-content\/uploads\/2025\/10\/D-GES-02-04.v01-Politica-Conf-e-Imp-17025-2020-01-01.jpg 780w, https:\/\/vignolaingenieria.cl\/wp-content\/uploads\/2025\/10\/D-GES-02-04.v01-Politica-Conf-e-Imp-17025-2020-01-01.jpg 360w\" sizes=\"auto, (max-width: 480px) 150px\" src=\"https:\/\/vignolaingenieria.cl\/wp-content\/uploads\/2025\/10\/D-GES-02-04.v01-Politica-Conf-e-Imp-17025-2020-01-01-791x1024.jpg\" alt=\"\" class=\"uag-image-809\" width=\"490\" height=\"600\" title=\"D-GES-02-04.v01 Politica Conf e Imp- 17025 [2020-01]-01\" loading=\"lazy\" role=\"img\"\/><\/figure><\/div>\n<\/div><\/div>\n\n\n\n<div class=\"wp-block-uagb-container uagb-block-ef9aeb26 alignfull uagb-is-root-container\"><div class=\"uagb-container-inner-blocks-wrap\">\n<div class=\"wp-block-uagb-container uagb-block-90c7333b\">\n<div class=\"wp-block-uagb-info-box uagb-block-2ec6c81b uagb-infobox__content-wrap  uagb-infobox-icon-above-title uagb-infobox-image-valign-top\"><div class=\"uagb-ifb-content\"><div class=\"uagb-ifb-title-wrap\"><h1 class=\"uagb-ifb-title\">Pol\u00edtica de Operaci\u00f3n Coherente del Laboratorio &nbsp;<\/h1><\/div><p class=\"uagb-ifb-desc\">Descargue el archivo PDF en el siguiente link<\/p><\/div><\/div>\n\n\n\n<div class=\"wp-block-buttons is-layout-flex wp-block-buttons-is-layout-flex\">\n<div class=\"wp-block-button\"><a class=\"wp-block-button__link wp-element-button\" href=\"http:\/\/vignolaingenieria.cl\/wp-content\/uploads\/2025\/10\/D-GES-02-05.v00-Politica-Op.-Coherente-Lab-17025-2020-01.pdf\">Descargar<\/a><\/div>\n<\/div>\n<\/div>\n\n\n\n<div class=\"wp-block-uagb-image aligncenter uagb-block-8e597463 wp-block-uagb-image--layout-default wp-block-uagb-image--effect-static wp-block-uagb-image--align-center alignleft\"><figure class=\"wp-block-uagb-image__figure\"><img decoding=\"async\" srcset=\"https:\/\/vignolaingenieria.cl\/wp-content\/uploads\/2025\/10\/D-GES-02-05.v00-Politica-Op.-Coherente-Lab-17025-2020-01-01-791x1024.jpg ,https:\/\/vignolaingenieria.cl\/wp-content\/uploads\/2025\/10\/D-GES-02-05.v00-Politica-Op.-Coherente-Lab-17025-2020-01-01.jpg 780w, https:\/\/vignolaingenieria.cl\/wp-content\/uploads\/2025\/10\/D-GES-02-05.v00-Politica-Op.-Coherente-Lab-17025-2020-01-01.jpg 360w\" sizes=\"auto, (max-width: 480px) 150px\" src=\"https:\/\/vignolaingenieria.cl\/wp-content\/uploads\/2025\/10\/D-GES-02-05.v00-Politica-Op.-Coherente-Lab-17025-2020-01-01-791x1024.jpg\" alt=\"\" class=\"uag-image-811\" width=\"490\" height=\"600\" title=\"D-GES-02-05.v00 Politica Op. Coherente Lab-17025 [2020-01]-01\" loading=\"lazy\" role=\"img\"\/><\/figure><\/div>\n<\/div><\/div>\n\n\n\n<p><\/p>\n","protected":false},"excerpt":{"rendered":"","protected":false},"author":1,"featured_media":0,"parent":0,"menu_order":0,"comment_status":"closed","ping_status":"closed","template":"","meta":{"_uag_custom_page_level_css":"","site-sidebar-layout":"default","site-content-layout":"","ast-site-content-layout":"default","site-content-style":"default","site-sidebar-style":"default","ast-global-header-display":"","ast-banner-title-visibility":"","ast-main-header-display":"","ast-hfb-above-header-display":"","ast-hfb-below-header-display":"","ast-hfb-mobile-header-display":"","site-post-title":"disabled","ast-breadcrumbs-content":"","ast-featured-img":"","footer-sml-layout":"","theme-transparent-header-meta":"","adv-header-id-meta":"","stick-header-meta":"","header-above-stick-meta":"","header-main-stick-meta":"","header-below-stick-meta":"","astra-migrate-meta-layouts":"default","ast-page-background-enabled":"default","ast-page-background-meta":{"desktop":{"background-color":"var(--ast-global-color-5)","background-image":"","background-repeat":"repeat","background-position":"center center","background-size":"auto","background-attachment":"scroll","background-type":"","background-media":"","overlay-type":"","overlay-color":"","overlay-opacity":"","overlay-gradient":""},"tablet":{"background-color":"","background-image":"","background-repeat":"repeat","background-position":"center center","background-size":"auto","background-attachment":"scroll","background-type":"","background-media":"","overlay-type":"","overlay-color":"","overlay-opacity":"","overlay-gradient":""},"mobile":{"background-color":"","background-image":"","background-repeat":"repeat","background-position":"center center","background-size":"auto","background-attachment":"scroll","background-type":"","background-media":"","overlay-type":"","overlay-color":"","overlay-opacity":"","overlay-gradient":""}},"ast-content-background-meta":{"desktop":{"background-color":"var(--ast-global-color-4)","background-image":"","background-repeat":"repeat","background-position":"center center","background-size":"auto","background-attachment":"scroll","background-type":"","background-media":"","overlay-type":"","overlay-color":"","overlay-opacity":"","overlay-gradient":""},"tablet":{"background-color":"var(--ast-global-color-4)","background-image":"","background-repeat":"repeat","background-position":"center center","background-size":"auto","background-attachment":"scroll","background-type":"","background-media":"","overlay-type":"","overlay-color":"","overlay-opacity":"","overlay-gradient":""},"mobile":{"background-color":"var(--ast-global-color-4)","background-image":"","background-repeat":"repeat","background-position":"center center","background-size":"auto","background-attachment":"scroll","background-type":"","background-media":"","overlay-type":"","overlay-color":"","overlay-opacity":"","overlay-gradient":""}},"footnotes":""},"class_list":["post-324","page","type-page","status-publish","hentry"],"uagb_featured_image_src":{"full":false,"thumbnail":false,"medium":false,"medium_large":false,"large":false,"1536x1536":false,"2048x2048":false},"uagb_author_info":{"display_name":"Rodrigo","author_link":"https:\/\/vignolaingenieria.cl\/index.php\/author\/rodrigo\/"},"uagb_comment_info":0,"uagb_excerpt":null,"_links":{"self":[{"href":"https:\/\/vignolaingenieria.cl\/index.php\/wp-json\/wp\/v2\/pages\/324","targetHints":{"allow":["GET"]}}],"collection":[{"href":"https:\/\/vignolaingenieria.cl\/index.php\/wp-json\/wp\/v2\/pages"}],"about":[{"href":"https:\/\/vignolaingenieria.cl\/index.php\/wp-json\/wp\/v2\/types\/page"}],"author":[{"embeddable":true,"href":"https:\/\/vignolaingenieria.cl\/index.php\/wp-json\/wp\/v2\/users\/1"}],"replies":[{"embeddable":true,"href":"https:\/\/vignolaingenieria.cl\/index.php\/wp-json\/wp\/v2\/comments?post=324"}],"version-history":[{"count":13,"href":"https:\/\/vignolaingenieria.cl\/index.php\/wp-json\/wp\/v2\/pages\/324\/revisions"}],"predecessor-version":[{"id":829,"href":"https:\/\/vignolaingenieria.cl\/index.php\/wp-json\/wp\/v2\/pages\/324\/revisions\/829"}],"wp:attachment":[{"href":"https:\/\/vignolaingenieria.cl\/index.php\/wp-json\/wp\/v2\/media?parent=324"}],"curies":[{"name":"wp","href":"https:\/\/api.w.org\/{rel}","templated":true}]}}