{"id":602,"date":"2023-10-16T16:13:03","date_gmt":"2023-10-16T19:13:03","guid":{"rendered":"https:\/\/vignolaingenieria.cl\/?page_id=602"},"modified":"2023-10-16T16:15:44","modified_gmt":"2023-10-16T19:15:44","slug":"servicios-de-calibracion-en-laboratorio-de-longitud","status":"publish","type":"page","link":"http:\/\/vignolaingenieria.cl\/index.php\/metrologia\/servicios-de-calibracion-en-laboratorio-de-longitud\/","title":{"rendered":"Servicios de calibraci\u00f3n en laboratorio de longitud"},"content":{"rendered":"\n<div class=\"wp-block-uagb-container uagb-block-dc2192a5 alignfull uagb-is-root-container\"><div class=\"uagb-container-inner-blocks-wrap\">\n<div style=\"height:100px\" aria-hidden=\"true\" class=\"wp-block-spacer\"><\/div>\n<\/div><\/div>\n\n\n\n<div class=\"wp-block-uagb-container uagb-block-f1ed7c75 alignfull uagb-is-root-container\"><div class=\"uagb-container-inner-blocks-wrap\">\n<div class=\"wp-block-uagb-container uagb-block-93581c0e\">\n<div class=\"wp-block-uagb-advanced-heading uagb-block-e32b2b17\"><h6 class=\"uagb-heading-text\">Calibraci\u00f3n de en el rango de 0\u00a0 a 500 mm<\/h6><\/div>\n\n\n\n<p>Los servicios de calibraci\u00f3n en la variable dimensional de VIGNOLA INGENIERIA est\u00e1n bajo NCh ISO\/IEC 17025:2017, con la cual podemos asegurar que sus instrumentos de medici\u00f3n indican resultados confiables, precisos y trazables. Nuestras capacidades de calibraci\u00f3n de instrumentos est\u00e1n dise\u00f1adas para reducir el riesgo y las imprecisiones en sus mediciones.<\/p>\n\n\n\n<ul class=\"wp-block-list\">\n<li>Rango de calibraci\u00f3n: 0 a 500 mm bar<\/li>\n\n\n\n<li>M\u00e9todo de calibraci\u00f3n: Por comparaci\u00f3n directa con el patr\u00f3n de trabajo.<\/li>\n\n\n\n<li>Trazabilidad Metrol\u00f3gica: LCPN-LONGITUD<\/li>\n<\/ul>\n<\/div>\n\n\n\n<div class=\"wp-block-uagb-container uagb-block-0f6f521b\">\n<h2 class=\"wp-block-heading\">Instrumentos a calibrar.<\/h2>\n\n\n\n<ul class=\"wp-block-list\">\n<li>Calibraci\u00f3n de pie de metro an\u00e1logo y digital.<\/li>\n\n\n\n<li>Calibraci\u00f3n de medidores de espesor.<\/li>\n\n\n\n<li>Calibraci\u00f3n de micr\u00f3metro de exterior.<\/li>\n<\/ul>\n<\/div>\n\n\n\n<div class=\"wp-block-uagb-container uagb-block-e64c0261\">\n<div class=\"wp-block-uagb-image alignleft uagb-block-52725968 wp-block-uagb-image--layout-default wp-block-uagb-image--effect-static wp-block-uagb-image--align-left\"><figure class=\"wp-block-uagb-image__figure\"><img decoding=\"async\" srcset=\"http:\/\/vignolaingenieria.cl\/wp-content\/uploads\/2023\/10\/DSC07031-1024x768.jpg ,http:\/\/vignolaingenieria.cl\/wp-content\/uploads\/2023\/10\/DSC07031-scaled.jpg 780w, http:\/\/vignolaingenieria.cl\/wp-content\/uploads\/2023\/10\/DSC07031-scaled.jpg 360w\" sizes=\"auto, (max-width: 480px) 150px\" src=\"http:\/\/vignolaingenieria.cl\/wp-content\/uploads\/2023\/10\/DSC07031-1024x768.jpg\" alt=\"\" class=\"uag-image-633\" width=\"540\" height=\"540\" title=\"\" loading=\"lazy\"\/><\/figure><\/div>\n<\/div>\n<\/div><\/div>\n","protected":false},"excerpt":{"rendered":"<p>Calibraci\u00f3n de en el rango de 0\u00a0 a 500 mm Los servicios de calibraci\u00f3n en la variable dimensional de VIGNOLA [&hellip;]<\/p>\n","protected":false},"author":1,"featured_media":0,"parent":397,"menu_order":0,"comment_status":"closed","ping_status":"closed","template":"","meta":{"_uag_custom_page_level_css":"","site-sidebar-layout":"default","site-content-layout":"","ast-site-content-layout":"default","site-content-style":"default","site-sidebar-style":"default","ast-global-header-display":"","ast-banner-title-visibility":"","ast-main-header-display":"","ast-hfb-above-header-display":"","ast-hfb-below-header-display":"","ast-hfb-mobile-header-display":"","site-post-title":"","ast-breadcrumbs-content":"","ast-featured-img":"","footer-sml-layout":"","theme-transparent-header-meta":"","adv-header-id-meta":"","stick-header-meta":"","header-above-stick-meta":"","header-main-stick-meta":"","header-below-stick-meta":"","astra-migrate-meta-layouts":"default","ast-page-background-enabled":"default","ast-page-background-meta":{"desktop":{"background-color":"var(--ast-global-color-5)","background-image":"","background-repeat":"repeat","background-position":"center center","background-size":"auto","background-attachment":"scroll","background-type":"","background-media":"","overlay-type":"","overlay-color":"","overlay-opacity":"","overlay-gradient":""},"tablet":{"background-color":"","background-image":"","background-repeat":"repeat","background-position":"center center","background-size":"auto","background-attachment":"scroll","background-type":"","background-media":"","overlay-type":"","overlay-color":"","overlay-opacity":"","overlay-gradient":""},"mobile":{"background-color":"","background-image":"","background-repeat":"repeat","background-position":"center center","background-size":"auto","background-attachment":"scroll","background-type":"","background-media":"","overlay-type":"","overlay-color":"","overlay-opacity":"","overlay-gradient":""}},"ast-content-background-meta":{"desktop":{"background-color":"var(--ast-global-color-4)","background-image":"","background-repeat":"repeat","background-position":"center center","background-size":"auto","background-attachment":"scroll","background-type":"","background-media":"","overlay-type":"","overlay-color":"","overlay-opacity":"","overlay-gradient":""},"tablet":{"background-color":"var(--ast-global-color-4)","background-image":"","background-repeat":"repeat","background-position":"center center","background-size":"auto","background-attachment":"scroll","background-type":"","background-media":"","overlay-type":"","overlay-color":"","overlay-opacity":"","overlay-gradient":""},"mobile":{"background-color":"var(--ast-global-color-4)","background-image":"","background-repeat":"repeat","background-position":"center center","background-size":"auto","background-attachment":"scroll","background-type":"","background-media":"","overlay-type":"","overlay-color":"","overlay-opacity":"","overlay-gradient":""}},"footnotes":""},"class_list":["post-602","page","type-page","status-publish","hentry"],"uagb_featured_image_src":{"full":false,"thumbnail":false,"medium":false,"medium_large":false,"large":false,"1536x1536":false,"2048x2048":false},"uagb_author_info":{"display_name":"Rodrigo","author_link":"http:\/\/vignolaingenieria.cl\/index.php\/author\/rodrigo\/"},"uagb_comment_info":0,"uagb_excerpt":"Calibraci\u00f3n de en el rango de 0\u00a0 a 500 mm Los servicios de calibraci\u00f3n en la variable dimensional de VIGNOLA [&hellip;]","_links":{"self":[{"href":"http:\/\/vignolaingenieria.cl\/index.php\/wp-json\/wp\/v2\/pages\/602","targetHints":{"allow":["GET"]}}],"collection":[{"href":"http:\/\/vignolaingenieria.cl\/index.php\/wp-json\/wp\/v2\/pages"}],"about":[{"href":"http:\/\/vignolaingenieria.cl\/index.php\/wp-json\/wp\/v2\/types\/page"}],"author":[{"embeddable":true,"href":"http:\/\/vignolaingenieria.cl\/index.php\/wp-json\/wp\/v2\/users\/1"}],"replies":[{"embeddable":true,"href":"http:\/\/vignolaingenieria.cl\/index.php\/wp-json\/wp\/v2\/comments?post=602"}],"version-history":[{"count":2,"href":"http:\/\/vignolaingenieria.cl\/index.php\/wp-json\/wp\/v2\/pages\/602\/revisions"}],"predecessor-version":[{"id":638,"href":"http:\/\/vignolaingenieria.cl\/index.php\/wp-json\/wp\/v2\/pages\/602\/revisions\/638"}],"up":[{"embeddable":true,"href":"http:\/\/vignolaingenieria.cl\/index.php\/wp-json\/wp\/v2\/pages\/397"}],"wp:attachment":[{"href":"http:\/\/vignolaingenieria.cl\/index.php\/wp-json\/wp\/v2\/media?parent=602"}],"curies":[{"name":"wp","href":"https:\/\/api.w.org\/{rel}","templated":true}]}}